{"id":1108,"date":"2022-08-23T12:59:38","date_gmt":"2022-08-23T10:59:38","guid":{"rendered":"https:\/\/www.ynova.be\/?post_type=product&#038;p=1108"},"modified":"2022-10-05T10:26:30","modified_gmt":"2022-10-05T08:26:30","slug":"ecran-totem-etanche-ip66-exterieur","status":"publish","type":"product","link":"https:\/\/www.ynova.be\/en\/product\/ecran-totem-etanche-ip66-exterieur\/","title":{"rendered":"Screen totem waterproof IP66 outdoor"},"content":{"rendered":"\t\t<div data-elementor-type=\"product-post\" data-elementor-id=\"1108\" class=\"elementor elementor-1108\" data-elementor-post-type=\"product\">\n\t\t\t\t\t\t<section class=\"elementor-section elementor-top-section elementor-element elementor-element-4a7367d9 elementor-section-boxed elementor-section-height-default elementor-section-height-default\" data-id=\"4a7367d9\" data-element_type=\"section\" data-e-type=\"section\" data-settings=\"{&quot;ekit_has_onepagescroll_dot&quot;:&quot;yes&quot;}\">\n\t\t\t\t\t\t<div class=\"elementor-container elementor-column-gap-default\">\n\t\t\t\t\t<div class=\"elementor-column elementor-col-100 elementor-top-column elementor-element elementor-element-144115f7\" data-id=\"144115f7\" data-element_type=\"column\" data-e-type=\"column\">\n\t\t\t<div class=\"elementor-widget-wrap elementor-element-populated\">\n\t\t\t\t\t\t<div class=\"elementor-element elementor-element-4e5f8204 elementor-widget elementor-widget-text-editor\" data-id=\"4e5f8204\" data-element_type=\"widget\" data-e-type=\"widget\" data-settings=\"{&quot;ekit_we_effect_on&quot;:&quot;none&quot;}\" data-widget_type=\"text-editor.default\">\n\t\t\t\t<div class=\"elementor-widget-container\">\n\t\t\t\t\t\t\t\t\t<h4 style=\"text-align: center;\">La description \u00c9cran totem \u00e9tanche \/ <span style=\"color: #0000ff;\"><a style=\"color: #0000ff;\" href=\"#caracteristiques\">caract\u00e9ristiques<\/a><\/span><\/h4><p style=\"text-align: center;\"><strong>Pour r\u00e9pondre aux exigences de nos clients, notre \u00e9quipe a recherch\u00e9 et d\u00e9velopp\u00e9 ce produit de publicit\u00e9 num\u00e9rique \u00e9tanche IP66, avec un niveau de protection ultra-\u00e9lev\u00e9, bo\u00eetier tr\u00e8s durable et borderless, etc.<\/strong><\/p><p style=\"text-align: center;\">Caract\u00e9ristiques principales:<\/p><ul style=\"text-align: center;\"><li style=\"text-align: left;\"><strong>Technologie de liaison optique <\/strong>d&rsquo;\u00e9cran\u00a0enti\u00e8rement ajust\u00e9e, cadre ultra-\u00e9troit de 38 mm ultra-fin de 98 mm d&rsquo;\u00e9paisseur, super grand \u00e9cran repr\u00e9sente 96 %<\/li><li style=\"text-align: left;\">degr\u00e9 de protection IP66 degr\u00e9 antid\u00e9flagrant IK10<\/li><li style=\"text-align: left;\">R\u00e9sistance \u00e0 haute temp\u00e9rature de l&rsquo;\u00e9cran industriel \u00e0 haute luminosit\u00e9<\/li><\/ul><h4 style=\"text-align: center;\">\u00a0<\/h4><h4 style=\"text-align: center;\">Signalisation num\u00e9rique \u00e9tanche IP66 ext\u00e9rieure<\/h4><p style=\"text-align: center;\">32\u201d 43\u201d 49\u201d 55\u201d 65\u201d<\/p><p style=\"text-align: center;\"><style>\/*! elementor - v3.7.2 - 21-08-2022 *\/<br \/>.elementor-widget-image{text-align:center}.elementor-widget-image a{display:inline-block}.elementor-widget-image a img[src$=\".svg\"]{width:48px}.elementor-widget-image img{vertical-align:middle;display:inline-block}<\/style><\/p><p style=\"text-align: center;\"><img fetchpriority=\"high\" decoding=\"async\" src=\"https:\/\/hiti.be\/wp-content\/uploads\/2022\/08\/IP66-Outdoor-Waterproof-Smart-Digital-Signage-2-1.webp\" sizes=\"(max-width: 750px) 100vw, 750px\" srcset=\"https:\/\/hiti.be\/wp-content\/uploads\/2022\/08\/IP66-Outdoor-Waterproof-Smart-Digital-Signage-2-1.webp 750w, https:\/\/hiti.be\/wp-content\/uploads\/2022\/08\/IP66-Outdoor-Waterproof-Smart-Digital-Signage-2-1-273x300.webp 273w, https:\/\/hiti.be\/wp-content\/uploads\/2022\/08\/IP66-Outdoor-Waterproof-Smart-Digital-Signage-2-1-600x659.webp 600w\" alt=\"\" width=\"750\" height=\"824\" \/><\/p><h4 style=\"text-align: center;\">Protection\u00a0 IP66<\/h4><p style=\"text-align: center;\">\u00c9tanche \u00e0 l&rsquo;eau, \u00e0 la poussi\u00e8re, \u00e0 la photoprotection, \u00e0 la foudre, aux chocs, \u00e0 la corrosion, au vol<\/p><p style=\"text-align: center;\"><img decoding=\"async\" src=\"https:\/\/hiti.be\/wp-content\/uploads\/2022\/08\/IP66-Outdoor-Waterproof-Smart-Digital-Signage-3-1.webp\" sizes=\"(max-width: 750px) 100vw, 750px\" srcset=\"https:\/\/hiti.be\/wp-content\/uploads\/2022\/08\/IP66-Outdoor-Waterproof-Smart-Digital-Signage-3-1.webp 750w, https:\/\/hiti.be\/wp-content\/uploads\/2022\/08\/IP66-Outdoor-Waterproof-Smart-Digital-Signage-3-1-281x300.webp 281w, https:\/\/hiti.be\/wp-content\/uploads\/2022\/08\/IP66-Outdoor-Waterproof-Smart-Digital-Signage-3-1-600x640.webp 600w\" alt=\"\" width=\"750\" height=\"800\" \/><\/p><h4 style=\"text-align: center;\">\u00c9cran ultra-clair FHD \u00e0 gamme de couleurs 100\u00a0%<\/h4><p style=\"text-align: center;\">Une qualit\u00e9 d&rsquo;image professionnel qui peut afficher des couleurs brillantes avec plus de pr\u00e9cision et s&rsquo;adapter \u00e0 tous types d&rsquo;environnements<\/p><p style=\"text-align: center;\"><img decoding=\"async\" src=\"https:\/\/hiti.be\/wp-content\/uploads\/2022\/08\/IP66-Outdoor-Waterproof-Smart-Digital-Signage-11-1.webp\" sizes=\"(max-width: 750px) 100vw, 750px\" srcset=\"https:\/\/hiti.be\/wp-content\/uploads\/2022\/08\/IP66-Outdoor-Waterproof-Smart-Digital-Signage-11-1.webp 750w, https:\/\/hiti.be\/wp-content\/uploads\/2022\/08\/IP66-Outdoor-Waterproof-Smart-Digital-Signage-11-1-300x239.webp 300w, https:\/\/hiti.be\/wp-content\/uploads\/2022\/08\/IP66-Outdoor-Waterproof-Smart-Digital-Signage-11-1-600x478.webp 600w\" alt=\"\" width=\"750\" height=\"597\" \/><\/p><h4 style=\"text-align: center;\">Affichage horizontal et vertical disponible<\/h4><p style=\"text-align: center;\">Le mode d&rsquo;\u00e9cran horizontal et le mode d&rsquo;\u00e9cran vertical peuvent \u00eatre commut\u00e9s selon les besoins<\/p><p style=\"text-align: center;\"><img loading=\"lazy\" decoding=\"async\" src=\"https:\/\/hiti.be\/wp-content\/uploads\/2022\/08\/IP66-Outdoor-Waterproof-Smart-Digital-Signage-9-1.webp\" sizes=\"(max-width: 750px) 100vw, 750px\" srcset=\"https:\/\/hiti.be\/wp-content\/uploads\/2022\/08\/IP66-Outdoor-Waterproof-Smart-Digital-Signage-9-1.webp 750w, https:\/\/hiti.be\/wp-content\/uploads\/2022\/08\/IP66-Outdoor-Waterproof-Smart-Digital-Signage-9-1-300x285.webp 300w, https:\/\/hiti.be\/wp-content\/uploads\/2022\/08\/IP66-Outdoor-Waterproof-Smart-Digital-Signage-9-1-600x570.webp 600w\" alt=\"\" width=\"750\" height=\"713\" \/><\/p><h4 style=\"text-align: center;\">Prise en charge de plusieurs \u00e9crans partag\u00e9s<\/h4><p style=\"text-align: center;\">Prise en charge du mode \u00e9cran partag\u00e9 via le logiciel, sauvegarde, export-import ADS<\/p><p style=\"text-align: center;\"><img loading=\"lazy\" decoding=\"async\" src=\"https:\/\/hiti.be\/wp-content\/uploads\/2022\/08\/IP66-Outdoor-Waterproof-Smart-Digital-Signage-5-1.webp\" sizes=\"(max-width: 750px) 100vw, 750px\" srcset=\"https:\/\/hiti.be\/wp-content\/uploads\/2022\/08\/IP66-Outdoor-Waterproof-Smart-Digital-Signage-5-1.webp 750w, https:\/\/hiti.be\/wp-content\/uploads\/2022\/08\/IP66-Outdoor-Waterproof-Smart-Digital-Signage-5-1-261x300.webp 261w, https:\/\/hiti.be\/wp-content\/uploads\/2022\/08\/IP66-Outdoor-Waterproof-Smart-Digital-Signage-5-1-600x689.webp 600w\" alt=\"\" width=\"750\" height=\"861\" \/><\/p><h4 style=\"text-align: center;\">Signalisation num\u00e9rique ext\u00e9rieure ultra mince IP66<\/h4><p style=\"text-align: center;\">Il est plus l\u00e9ger, plus fin et plus beau que les \u00e9crans ext\u00e9rieure traditionnelle.<\/p><p style=\"text-align: center;\"><img loading=\"lazy\" decoding=\"async\" src=\"https:\/\/hiti.be\/wp-content\/uploads\/2022\/08\/IP66-Outdoor-Waterproof-Smart-Digital-Signage-4-1.webp\" sizes=\"(max-width: 750px) 100vw, 750px\" srcset=\"https:\/\/hiti.be\/wp-content\/uploads\/2022\/08\/IP66-Outdoor-Waterproof-Smart-Digital-Signage-4-1.webp 750w, https:\/\/hiti.be\/wp-content\/uploads\/2022\/08\/IP66-Outdoor-Waterproof-Smart-Digital-Signage-4-1-230x300.webp 230w, https:\/\/hiti.be\/wp-content\/uploads\/2022\/08\/IP66-Outdoor-Waterproof-Smart-Digital-Signage-4-1-600x782.webp 600w\" alt=\"\" width=\"750\" height=\"978\" \/><\/p><h4 style=\"text-align: center;\">Technologie de liaison optique compl\u00e8te<\/h4><p style=\"text-align: center;\">Adoptez la technologie de liaison optique compl\u00e8te, plus \u00e9conome en \u00e9nergie et plus \u00e9l\u00e9gante que les mod\u00e8les traditionnels, avec un meilleur affichage.<\/p><p style=\"text-align: center;\"><img loading=\"lazy\" decoding=\"async\" src=\"https:\/\/hiti.be\/wp-content\/uploads\/2022\/08\/IP66-Outdoor-Waterproof-Smart-Digital-Signage-6-1.webp\" sizes=\"(max-width: 750px) 100vw, 750px\" srcset=\"https:\/\/hiti.be\/wp-content\/uploads\/2022\/08\/IP66-Outdoor-Waterproof-Smart-Digital-Signage-6-1.webp 750w, https:\/\/hiti.be\/wp-content\/uploads\/2022\/08\/IP66-Outdoor-Waterproof-Smart-Digital-Signage-6-1-271x300.webp 271w, https:\/\/hiti.be\/wp-content\/uploads\/2022\/08\/IP66-Outdoor-Waterproof-Smart-Digital-Signage-6-1-600x663.webp 600w\" alt=\"\" width=\"750\" height=\"829\" \/><\/p><h4 style=\"text-align: center;\">Capteur de lumi\u00e8re intelligent<\/h4><p style=\"text-align: center;\">Peut ajuster automatiquement la luminosit\u00e9 de l&rsquo;\u00e9cran LCD en fonction de la luminosit\u00e9 de la lumi\u00e8re externe, afin de r\u00e9duire au maximum la consommation d&rsquo;\u00e9nergie, d&rsquo;\u00e9conomiser de l&rsquo;\u00e9nergie et de prot\u00e9ger l&rsquo;environnement<\/p><h3 style=\"text-align: center;\">\u00a0<\/h3><p style=\"text-align: center;\"><img loading=\"lazy\" decoding=\"async\" src=\"https:\/\/hiti.be\/wp-content\/uploads\/2022\/08\/IP66-Outdoor-Waterproof-Smart-Digital-Signage-10-1.webp\" sizes=\"(max-width: 750px) 100vw, 750px\" srcset=\"https:\/\/hiti.be\/wp-content\/uploads\/2022\/08\/IP66-Outdoor-Waterproof-Smart-Digital-Signage-10-1.webp 750w, https:\/\/hiti.be\/wp-content\/uploads\/2022\/08\/IP66-Outdoor-Waterproof-Smart-Digital-Signage-10-1-270x300.webp 270w, https:\/\/hiti.be\/wp-content\/uploads\/2022\/08\/IP66-Outdoor-Waterproof-Smart-Digital-Signage-10-1-600x666.webp 600w\" alt=\"\" width=\"750\" height=\"832\" \/><\/p><h4 style=\"text-align: center;\">Conception de la structure de ventilation de qualit\u00e9<\/h4><p style=\"text-align: center;\">Adopte une conception de structure de ventilation de qualit\u00e9 militaire.\u00a0Lorsque la temp\u00e9rature de la<br \/>machine augmente, elle peut refroidir rapidement sans affecter l&rsquo;utilisation de l&rsquo;\u00e9cran.<\/p><p style=\"text-align: center;\"><img loading=\"lazy\" decoding=\"async\" src=\"https:\/\/hiti.be\/wp-content\/uploads\/2022\/08\/IP66-Outdoor-Waterproof-Smart-Digital-Signage-8-1-1.webp\" sizes=\"(max-width: 750px) 100vw, 750px\" srcset=\"https:\/\/hiti.be\/wp-content\/uploads\/2022\/08\/IP66-Outdoor-Waterproof-Smart-Digital-Signage-8-1-1.webp 750w, https:\/\/hiti.be\/wp-content\/uploads\/2022\/08\/IP66-Outdoor-Waterproof-Smart-Digital-Signage-8-1-1-264x300.webp 264w, https:\/\/hiti.be\/wp-content\/uploads\/2022\/08\/IP66-Outdoor-Waterproof-Smart-Digital-Signage-8-1-1-600x682.webp 600w\" alt=\"\" width=\"750\" height=\"853\" \/><\/p><h4 style=\"text-align: center;\">\u00c9cran LCD<\/h4><p style=\"text-align: center;\">Adoptez un \u00e9cran LCD r\u00e9sistant aux hautes temp\u00e9ratures et des composants de haute qualit\u00e9,<br \/>l&rsquo;\u00e9cran LCD peut fonctionner \u00e0 une temp\u00e9rature maximale de 110 \u2103, le produit fini peut fonctionner \u00e0 une temp\u00e9rature maximale de 70 \u2103<\/p><p style=\"text-align: center;\"><img loading=\"lazy\" decoding=\"async\" src=\"https:\/\/hiti.be\/wp-content\/uploads\/2022\/08\/IP66-Outdoor-Waterproof-Smart-Digital-Signage-7-1.webp\" sizes=\"(max-width: 750px) 100vw, 750px\" srcset=\"https:\/\/hiti.be\/wp-content\/uploads\/2022\/08\/IP66-Outdoor-Waterproof-Smart-Digital-Signage-7-1.webp 750w, https:\/\/hiti.be\/wp-content\/uploads\/2022\/08\/IP66-Outdoor-Waterproof-Smart-Digital-Signage-7-1-260x300.webp 260w, https:\/\/hiti.be\/wp-content\/uploads\/2022\/08\/IP66-Outdoor-Waterproof-Smart-Digital-Signage-7-1-600x693.webp 600w\" alt=\"\" width=\"750\" height=\"866\" \/><\/p><h4 style=\"text-align: center;\">Les 2 m\u00e9thodes d&rsquo;installation de la suspension murale et le support sur pied<\/h4><p style=\"text-align: center;\">Une qualit\u00e9 d&rsquo;image qui peut afficher des couleurs brillantes avec plus de pr\u00e9cision, et s&rsquo;adapter \u00e0 plus de mileux<\/p><p style=\"text-align: center;\"><img loading=\"lazy\" decoding=\"async\" src=\"https:\/\/hiti.be\/wp-content\/uploads\/2022\/08\/IP66-Outdoor-Waterproof-Smart-Digital-Signage-12-1.webp\" sizes=\"(max-width: 750px) 100vw, 750px\" srcset=\"https:\/\/hiti.be\/wp-content\/uploads\/2022\/08\/IP66-Outdoor-Waterproof-Smart-Digital-Signage-12-1.webp 750w, https:\/\/hiti.be\/wp-content\/uploads\/2022\/08\/IP66-Outdoor-Waterproof-Smart-Digital-Signage-12-1-293x300.webp 293w, https:\/\/hiti.be\/wp-content\/uploads\/2022\/08\/IP66-Outdoor-Waterproof-Smart-Digital-Signage-12-1-600x615.webp 600w\" alt=\"\" width=\"750\" height=\"769\" \/><\/p><h4 style=\"text-align: center;\">Photos du produit<\/h4><p style=\"text-align: center;\"><img loading=\"lazy\" decoding=\"async\" src=\"https:\/\/hiti.be\/wp-content\/uploads\/2022\/08\/IP66-Outdoor-Waterproof-Smart-Digital-Signage-13-1.webp\" sizes=\"(max-width: 750px) 100vw, 750px\" srcset=\"https:\/\/hiti.be\/wp-content\/uploads\/2022\/08\/IP66-Outdoor-Waterproof-Smart-Digital-Signage-13-1.webp 750w, https:\/\/hiti.be\/wp-content\/uploads\/2022\/08\/IP66-Outdoor-Waterproof-Smart-Digital-Signage-13-1-248x300.webp 248w, https:\/\/hiti.be\/wp-content\/uploads\/2022\/08\/IP66-Outdoor-Waterproof-Smart-Digital-Signage-13-1-600x725.webp 600w\" alt=\"\" width=\"750\" height=\"906\" \/><\/p><h3 style=\"text-align: center;\">Applications populaires<\/h3><p style=\"text-align: center;\"><img loading=\"lazy\" decoding=\"async\" src=\"https:\/\/hiti.be\/wp-content\/uploads\/2022\/08\/IP66-Outdoor-Waterproof-Smart-Digital-Signage-1-1.webp\" sizes=\"(max-width: 750px) 100vw, 750px\" srcset=\"https:\/\/hiti.be\/wp-content\/uploads\/2022\/08\/IP66-Outdoor-Waterproof-Smart-Digital-Signage-1-1.webp 750w, https:\/\/hiti.be\/wp-content\/uploads\/2022\/08\/IP66-Outdoor-Waterproof-Smart-Digital-Signage-1-1-255x300.webp 255w, https:\/\/hiti.be\/wp-content\/uploads\/2022\/08\/IP66-Outdoor-Waterproof-Smart-Digital-Signage-1-1-600x706.webp 600w\" alt=\"\" width=\"750\" height=\"883\" \/><\/p>\t\t\t\t\t\t\t\t<\/div>\n\t\t\t\t<\/div>\n\t\t\t\t<div class=\"elementor-element elementor-element-b9e0e3d elementor-widget elementor-widget-text-editor\" data-id=\"b9e0e3d\" data-element_type=\"widget\" data-e-type=\"widget\" id=\"caracteristiques\" data-settings=\"{&quot;ekit_we_effect_on&quot;:&quot;none&quot;}\" data-widget_type=\"text-editor.default\">\n\t\t\t\t<div class=\"elementor-widget-container\">\n\t\t\t\t\t\t\t\t\t<p>\u00a0<\/p><p>\u00a0<\/p><table border=\"0\" width=\"719\" cellspacing=\"0\" cellpadding=\"0\"><tbody><tr><td colspan=\"3\" width=\"282\">\u00a0<\/td><td colspan=\"4\" width=\"437\">\u00a0<\/td><\/tr><tr><td rowspan=\"10\" width=\"119\" height=\"254\"><strong>Panneau<\/strong><\/td><td colspan=\"2\" width=\"162\">Taille d&rsquo;affichage (pouce)<\/td><td width=\"108\">32\u2033<\/td><td width=\"110\">43&Prime;<\/td><td width=\"109\">49\u2033<\/td><td width=\"109\">55\u2033<\/td><\/tr><tr><td colspan=\"2\" width=\"162\">R\u00e9solution<\/td><td width=\"108\"><p>1920\u00d71080<\/p><p>(16:9)<\/p><\/td><td width=\"110\"><p>1920\u00d71080<\/p><p>(16:9)<\/p><\/td><td width=\"109\"><p>1920\u00d71080<\/p><p>(16:9)<\/p><\/td><td width=\"109\"><p>1920\u00d71080<\/p><p>(16:9)<\/p><\/td><\/tr><tr><td colspan=\"2\" width=\"162\">Zone d&rsquo;affichage active(mm)<\/td><td width=\"108\"><p>700.5(H)<\/p><p>x394.8(V)<\/p><\/td><td width=\"110\">941(H)*530(V)<\/td><td width=\"109\"><p>1073.5(H) x<\/p><p>603.0(V)<\/p><\/td><td width=\"109\"><p>1209.6(H)x<\/p><p>680.4(V)<\/p><\/td><\/tr><tr><td colspan=\"2\" width=\"162\">Ratio d&rsquo;aspect<\/td><td width=\"108\">16:09<\/td><td width=\"110\">16:09<\/td><td width=\"109\">16:09<\/td><td width=\"109\">16:09<\/td><\/tr><tr><td colspan=\"2\" width=\"162\">Luminosit\u00e9(cd\/m2)<\/td><td width=\"108\">2000nit<\/td><td width=\"110\">2500nit<\/td><td width=\"109\">2500nit<\/td><td width=\"109\">2500nit<\/td><\/tr><tr><td colspan=\"2\" width=\"162\">Rapport de contraste (Typ.)<\/td><td colspan=\"4\" width=\"437\">2000:1<\/td><\/tr><tr><td colspan=\"2\" width=\"162\">Angle de vue (H\/V)<\/td><td colspan=\"4\" width=\"437\">178\/178<\/td><\/tr><tr><td colspan=\"2\" width=\"162\">Couleur<\/td><td colspan=\"4\" width=\"437\">16.7M<\/td><\/tr><tr><td colspan=\"2\" width=\"162\">Temps de r\u00e9ponse (G \u00e0 G)<\/td><td colspan=\"4\" width=\"437\">6ms<\/td><\/tr><tr><td colspan=\"2\" width=\"162\">Heure d&rsquo;ouverture<\/td><td colspan=\"4\" width=\"437\">24\/7<\/td><\/tr><tr><td width=\"119\"><strong>Du son<\/strong><\/td><td colspan=\"2\" width=\"162\">Haut-parleur<\/td><td colspan=\"4\" width=\"437\">5W, 8\u03a9 (2 jeux)<\/td><\/tr><tr><td rowspan=\"5\" width=\"119\" height=\"114\"><strong>Du pouvoir<\/strong><\/td><td colspan=\"2\" width=\"162\">Taper<\/td><td colspan=\"4\" width=\"437\">Interne<\/td><\/tr><tr><td colspan=\"2\" width=\"162\">Source de courant<\/td><td colspan=\"4\" width=\"437\">CA 100 \u2013 240 V~ (+\/- 10 %), 50\/60 Hz<\/td><\/tr><tr><td rowspan=\"3\" width=\"86\" height=\"68\">Consommation d&rsquo;\u00e9nergie<\/td><td width=\"75\">Max[W\/h]<\/td><td width=\"108\">130W<\/td><td width=\"110\">180W<\/td><td width=\"109\">260W<\/td><td width=\"109\">300W<\/td><\/tr><tr><td width=\"75\">Mode veille<\/td><td colspan=\"4\" width=\"437\">moins de 0.5W<\/td><\/tr><tr><td width=\"75\">Arr\u00eat<\/td><td colspan=\"4\" width=\"437\">moins de 0.5W<\/td><\/tr><tr><td rowspan=\"5\" width=\"119\" height=\"124\"><p><strong>M\u00e9canique<\/strong><\/p><p><strong>Sp\u00e9cification<\/strong><\/p><\/td><td colspan=\"2\" width=\"162\">Verre de protection<\/td><td colspan=\"4\" width=\"437\">Verre anti-reflet AR<\/td><\/tr><tr><td colspan=\"2\" width=\"162\">Dur\u00e9e de vie du logement<\/td><td colspan=\"4\" width=\"437\">8 ann\u00e9es<\/td><\/tr><tr><td colspan=\"2\" width=\"162\">Taux d&rsquo;IP<\/td><td colspan=\"4\" width=\"437\">IP66<\/td><\/tr><tr><td colspan=\"2\" width=\"162\">Classification anti-danger<\/td><td colspan=\"4\" width=\"437\">IK10<\/td><\/tr><tr><td colspan=\"2\" width=\"162\">Type de support<\/td><td colspan=\"4\" width=\"437\">Mural \/ Plafond \/ Autoportant<\/td><\/tr><tr><td rowspan=\"5\" width=\"119\" height=\"124\"><strong>Environnement<\/strong><\/td><td colspan=\"2\" width=\"162\">Temp\u00e9rature de fonctionnement<\/td><td colspan=\"4\" width=\"437\">-30\u00b0C ~ 80\u00b0C<\/td><\/tr><tr><td colspan=\"2\" width=\"162\">Temp\u00e9rature de stockage<\/td><td colspan=\"4\" width=\"437\">-30\u00b0C ~ 55\u00b0C<\/td><\/tr><tr><td colspan=\"2\" width=\"162\">humidit\u00e9 d&rsquo;exploitation<\/td><td colspan=\"4\" width=\"437\">10\u00a0% ~ 80\u00a0%<\/td><\/tr><tr><td colspan=\"2\" width=\"162\">Humidit\u00e9 de stockage<\/td><td colspan=\"4\" width=\"437\">5% ~ 98%<\/td><\/tr><tr><td colspan=\"2\" width=\"162\">Syst\u00e8me de refroidissement<\/td><td colspan=\"4\" width=\"437\">Turboventilateur puissant et ventilateur \u00e0 flux crois\u00e9s\/climatisation (en option)<\/td><\/tr><tr><td rowspan=\"10\" width=\"119\" height=\"251\"><strong>SE<\/strong><\/td><td rowspan=\"10\" width=\"86\" height=\"251\">Lecteur multim\u00e9dia Android<\/td><td width=\"75\">Processeur<\/td><td colspan=\"4\" width=\"437\">Rockchip\u00ae RK3288 (1,8 GHz, quatre c\u0153urs)<\/td><\/tr><tr><td width=\"75\">RAM<\/td><td colspan=\"4\" width=\"437\">2G<\/td><\/tr><tr><td width=\"75\">\u00c9clat<\/td><td colspan=\"4\" width=\"437\">MEM 8G<\/td><\/tr><tr><td width=\"75\">USB<\/td><td colspan=\"4\" width=\"437\">H\u00d4TE USB2.0 (X2)<\/td><\/tr><tr><td width=\"75\">r\u00e9seau local<\/td><td colspan=\"4\" width=\"437\">Ethernet 10M\/100M (\u00e9cran de version r\u00e9seau uniquement)<\/td><\/tr><tr><td width=\"75\">M\u00e9moire externe<\/td><td colspan=\"4\" width=\"437\">Carte SD 8 Go (jusqu&rsquo;\u00e0 32 Go)<\/td><\/tr><tr><td width=\"75\">Multim\u00e9dia<\/td><td colspan=\"4\" width=\"437\">Vid\u00e9o (MPG, AVI, MP4, RM, RMVB, TS), Audio (MP3, WMA), Image (JPG, GIF, BMP, PNG)<\/td><\/tr><tr><td width=\"75\">R\u00e9solution multim\u00e9dia<\/td><td colspan=\"4\" width=\"437\">1920*1080<\/td><\/tr><tr><td width=\"75\">Wifi<\/td><td colspan=\"4\" width=\"437\">Ethernet 802.11b\/g\/n (\u00e9cran de version r\u00e9seau uniquement)<\/td><\/tr><tr><td width=\"75\">Syst\u00e8me op\u00e9rateur<\/td><td colspan=\"4\" width=\"437\">Android 7.1<\/td><\/tr><tr><td width=\"119\"><strong>Certificat<\/strong><\/td><td colspan=\"2\" width=\"162\">S\u00e9curit\u00e9<\/td><td colspan=\"4\" width=\"437\">CE<\/td><\/tr><tr><td rowspan=\"3\" width=\"119\" height=\"73\"><strong>Accessoires<\/strong><\/td><td colspan=\"2\" width=\"162\">Inclus<\/td><td colspan=\"4\" width=\"437\">Logiciel de planification, T\u00e9l\u00e9commande, Cl\u00e9, C\u00e2ble d&rsquo;alimentation, Carte SD, Support mural<\/td><\/tr><tr><td colspan=\"2\" width=\"162\">Assurance qualit\u00e9<\/td><td colspan=\"4\" width=\"437\">1 an<\/td><\/tr><tr><td colspan=\"2\" width=\"162\">Genre d&#8217;emballage<\/td><td colspan=\"4\" width=\"437\">Bo\u00eete en Carton\/bo\u00eete en nid d&rsquo;abeille + caisse en bois<\/td><\/tr><\/tbody><\/table>\t\t\t\t\t\t\t\t<\/div>\n\t\t\t\t<\/div>\n\t\t\t\t\t<\/div>\n\t\t<\/div>\n\t\t\t\t\t<\/div>\n\t\t<\/section>\n\t\t\t\t<\/div>\n\t\t","protected":false},"excerpt":{"rendered":"<h2>Characteristic<\/h2>\n<p><strong>To meet the requirements of our customers, our team has researched and developed this product in digital advertising waterproof IP66, with a level of protection to ultra-high, housing is very durable and borderless, etc<\/strong><\/p>\n<ul>\n<li><i class=\"bx bx-check\"><\/i>\u00a0Sizes : 32&#034; 43&#034; 49&#034; 55&#034; 65&#034;<\/li>\n<li>\u00a0Brightness : 2500 nits<\/li>\n<li>\u00a0Resolution : 1920*1080<\/li>\n<li>\u00a0Installation\uff1a Support standing on the ground<i class=\"bx bx-check\"><\/i><\/li>\n<\/ul>\n<p>&nbsp;<\/p>\n<p>You are interested ? then your wait is over !<\/p>\n<p>\u201cThe display of the prices is not available,\u00a0<a href=\"https:\/\/www.ynova.be\/en\/devis\/\"><span style=\"color: #3366ff;\">please contact us to make an estimate\u00a0<\/span><\/a>\u201c<\/p>","protected":false},"featured_media":29398,"template":"","meta":{"_acf_changed":false},"product_brand":[],"product_cat":[655],"product_tag":[],"class_list":{"0":"post-1108","1":"product","2":"type-product","3":"status-publish","4":"has-post-thumbnail","6":"product_cat-kiosque-exterieur","8":"first","9":"instock","10":"taxable","11":"shipping-taxable","12":"product-type-simple"},"acf":[],"_links":{"self":[{"href":"https:\/\/www.ynova.be\/en\/wp-json\/wp\/v2\/product\/1108","targetHints":{"allow":["GET"]}}],"collection":[{"href":"https:\/\/www.ynova.be\/en\/wp-json\/wp\/v2\/product"}],"about":[{"href":"https:\/\/www.ynova.be\/en\/wp-json\/wp\/v2\/types\/product"}],"version-history":[{"count":0,"href":"https:\/\/www.ynova.be\/en\/wp-json\/wp\/v2\/product\/1108\/revisions"}],"wp:featuredmedia":[{"embeddable":true,"href":"https:\/\/www.ynova.be\/en\/wp-json\/wp\/v2\/media\/29398"}],"wp:attachment":[{"href":"https:\/\/www.ynova.be\/en\/wp-json\/wp\/v2\/media?parent=1108"}],"wp:term":[{"taxonomy":"product_brand","embeddable":true,"href":"https:\/\/www.ynova.be\/en\/wp-json\/wp\/v2\/product_brand?post=1108"},{"taxonomy":"product_cat","embeddable":true,"href":"https:\/\/www.ynova.be\/en\/wp-json\/wp\/v2\/product_cat?post=1108"},{"taxonomy":"product_tag","embeddable":true,"href":"https:\/\/www.ynova.be\/en\/wp-json\/wp\/v2\/product_tag?post=1108"}],"curies":[{"name":"wp","href":"https:\/\/api.w.org\/{rel}","templated":true}]}}