{"id":1056,"date":"2022-08-23T11:09:23","date_gmt":"2022-08-23T09:09:23","guid":{"rendered":"https:\/\/www.ynova.be\/?post_type=product&#038;p=1056"},"modified":"2022-08-29T15:41:31","modified_gmt":"2022-08-29T13:41:31","slug":"signalisation-numerique-etanche-ip66-exterieure","status":"publish","type":"product","link":"https:\/\/www.ynova.be\/en\/product\/signalisation-numerique-etanche-ip66-exterieure\/","title":{"rendered":"Digital signage waterproof IP66 outdoor"},"content":{"rendered":"\t\t<div data-elementor-type=\"product-post\" data-elementor-id=\"1056\" class=\"elementor elementor-1056\" data-elementor-post-type=\"product\">\n\t\t\t\t\t\t<section class=\"elementor-section elementor-top-section elementor-element elementor-element-6862fdd8 elementor-section-boxed elementor-section-height-default elementor-section-height-default\" data-id=\"6862fdd8\" data-element_type=\"section\" data-e-type=\"section\" data-settings=\"{&quot;ekit_has_onepagescroll_dot&quot;:&quot;yes&quot;}\">\n\t\t\t\t\t\t<div class=\"elementor-container elementor-column-gap-default\">\n\t\t\t\t\t<div class=\"elementor-column elementor-col-100 elementor-top-column elementor-element elementor-element-2bbb3791\" data-id=\"2bbb3791\" data-element_type=\"column\" data-e-type=\"column\">\n\t\t\t<div class=\"elementor-widget-wrap elementor-element-populated\">\n\t\t\t\t\t\t<div class=\"elementor-element elementor-element-cd49294 elementor-widget elementor-widget-text-editor\" data-id=\"cd49294\" data-element_type=\"widget\" data-e-type=\"widget\" data-settings=\"{&quot;ekit_we_effect_on&quot;:&quot;none&quot;}\" data-widget_type=\"text-editor.default\">\n\t\t\t\t<div class=\"elementor-widget-container\">\n\t\t\t\t\t\t\t\t\t<h4 style=\"text-align: center;\">La description \/ <span style=\"color: #0000ff;\"><a style=\"color: #0000ff;\" href=\"#caracteristiques\">caract\u00e9ristiques<\/a><\/span><\/h4><p style=\"text-align: center;\"><strong>\u00c9cran fix\u00e9 au mur, avec une technique de liaison optique d\u2019\u00e9cran enti\u00e8rement ajust\u00e9e, un cadre ultramince de 38 mm ultra-fin et de 98 mm d\u2019\u00e9paisseur, l\u2019\u00e9cran repr\u00e9sente 96 %. Il poss\u00e8de un degr\u00e9 de protection IP66 et un r\u00e9sistant \u00e0 des hautes temp\u00e9ratures et poss\u00e8de une haute luminosit\u00e9.<\/strong><\/p><p style=\"text-align: center;\">Caract\u00e9ristiques principales:<\/p><ul style=\"text-align: center;\"><li style=\"text-align: left;\"><strong>Technologie de liaison optique <\/strong>d&rsquo;\u00e9cran\u00a0enti\u00e8rement ajust\u00e9e, cadre ultra-\u00e9troit de 38 mm ultra-fin de 98 mm d&rsquo;\u00e9paisseur, super grand \u00e9cran repr\u00e9sente 96 %<\/li><li style=\"text-align: left;\">degr\u00e9 de protection IP66 degr\u00e9 antid\u00e9flagrant IK10<\/li><li style=\"text-align: left;\">R\u00e9sistance \u00e0 haute temp\u00e9rature de l&rsquo;\u00e9cran industriel \u00e0 haute luminosit\u00e9<\/li><\/ul><h4 style=\"text-align: center;\">\u00a0<\/h4><h4 style=\"text-align: center;\">Signalisation num\u00e9rique \u00e9tanche IP66 ext\u00e9rieure<\/h4><p style=\"text-align: center;\">32\u201d 43\u201d 49\u201d 55\u201d 65\u201d<\/p><p style=\"text-align: center;\"><style>\/*! elementor - v3.7.2 - 21-08-2022 *\/<br \/>.elementor-widget-image{text-align:center}.elementor-widget-image a{display:inline-block}.elementor-widget-image a img[src$=\".svg\"]{width:48px}.elementor-widget-image img{vertical-align:middle;display:inline-block}<\/style><\/p><p style=\"text-align: center;\"><img fetchpriority=\"high\" decoding=\"async\" src=\"https:\/\/hiti.be\/wp-content\/uploads\/2022\/08\/IP66-Outdoor-Waterproof-Smart-Digital-Signage-2-1.webp\" sizes=\"(max-width: 750px) 100vw, 750px\" srcset=\"https:\/\/hiti.be\/wp-content\/uploads\/2022\/08\/IP66-Outdoor-Waterproof-Smart-Digital-Signage-2-1.webp 750w, https:\/\/hiti.be\/wp-content\/uploads\/2022\/08\/IP66-Outdoor-Waterproof-Smart-Digital-Signage-2-1-273x300.webp 273w, https:\/\/hiti.be\/wp-content\/uploads\/2022\/08\/IP66-Outdoor-Waterproof-Smart-Digital-Signage-2-1-600x659.webp 600w\" alt=\"\" width=\"750\" height=\"824\" \/><\/p><h4 style=\"text-align: center;\">\u00c9cran IP66<\/h4><p style=\"text-align: center;\">\u00c9tanche \u00e0 l&rsquo;eau, \u00e0 la poussi\u00e8re, \u00e0 la photoprotection, \u00e0 la foudre, aux chocs, \u00e0 la corrosion, au vol<\/p><p style=\"text-align: center;\"><img decoding=\"async\" src=\"https:\/\/hiti.be\/wp-content\/uploads\/2022\/08\/IP66-Outdoor-Waterproof-Smart-Digital-Signage-3-1.webp\" sizes=\"(max-width: 750px) 100vw, 750px\" srcset=\"https:\/\/hiti.be\/wp-content\/uploads\/2022\/08\/IP66-Outdoor-Waterproof-Smart-Digital-Signage-3-1.webp 750w, https:\/\/hiti.be\/wp-content\/uploads\/2022\/08\/IP66-Outdoor-Waterproof-Smart-Digital-Signage-3-1-281x300.webp 281w, https:\/\/hiti.be\/wp-content\/uploads\/2022\/08\/IP66-Outdoor-Waterproof-Smart-Digital-Signage-3-1-600x640.webp 600w\" alt=\"\" width=\"750\" height=\"800\" \/><\/p><h4 style=\"text-align: center;\">\u00c9cran ultra-clair FHD \u00e0 gamme de couleurs 100\u00a0%<\/h4><p style=\"text-align: center;\">Une qualit\u00e9 d&rsquo;image professionnel qui peut afficher des couleurs brillantes avec plus de pr\u00e9cision et s&rsquo;adapter \u00e0 tous types d&rsquo;environnements\u00a0<\/p><p style=\"text-align: center;\"><img decoding=\"async\" src=\"https:\/\/hiti.be\/wp-content\/uploads\/2022\/08\/IP66-Outdoor-Waterproof-Smart-Digital-Signage-11-1.webp\" sizes=\"(max-width: 750px) 100vw, 750px\" srcset=\"https:\/\/hiti.be\/wp-content\/uploads\/2022\/08\/IP66-Outdoor-Waterproof-Smart-Digital-Signage-11-1.webp 750w, https:\/\/hiti.be\/wp-content\/uploads\/2022\/08\/IP66-Outdoor-Waterproof-Smart-Digital-Signage-11-1-300x239.webp 300w, https:\/\/hiti.be\/wp-content\/uploads\/2022\/08\/IP66-Outdoor-Waterproof-Smart-Digital-Signage-11-1-600x478.webp 600w\" alt=\"\" width=\"750\" height=\"597\" \/><\/p><h4 style=\"text-align: center;\">Affichage horizontal et vertical disponible<\/h4><p style=\"text-align: center;\">Le mode d&rsquo;\u00e9cran horizontal et le mode d&rsquo;\u00e9cran vertical peuvent \u00eatre commut\u00e9s selon les besoins<\/p><p style=\"text-align: center;\"><img loading=\"lazy\" decoding=\"async\" src=\"https:\/\/hiti.be\/wp-content\/uploads\/2022\/08\/IP66-Outdoor-Waterproof-Smart-Digital-Signage-9-1.webp\" sizes=\"(max-width: 750px) 100vw, 750px\" srcset=\"https:\/\/hiti.be\/wp-content\/uploads\/2022\/08\/IP66-Outdoor-Waterproof-Smart-Digital-Signage-9-1.webp 750w, https:\/\/hiti.be\/wp-content\/uploads\/2022\/08\/IP66-Outdoor-Waterproof-Smart-Digital-Signage-9-1-300x285.webp 300w, https:\/\/hiti.be\/wp-content\/uploads\/2022\/08\/IP66-Outdoor-Waterproof-Smart-Digital-Signage-9-1-600x570.webp 600w\" alt=\"\" width=\"750\" height=\"713\" \/><\/p><h4 style=\"text-align: center;\">Prise en charge de plusieurs \u00e9crans partag\u00e9s<\/h4><p style=\"text-align: center;\">Prise en charge du mode \u00e9cran partag\u00e9 via le logiciel, sauvegarde, export-import ADS<\/p><p style=\"text-align: center;\"><img loading=\"lazy\" decoding=\"async\" src=\"https:\/\/hiti.be\/wp-content\/uploads\/2022\/08\/IP66-Outdoor-Waterproof-Smart-Digital-Signage-5-1.webp\" sizes=\"(max-width: 750px) 100vw, 750px\" srcset=\"https:\/\/hiti.be\/wp-content\/uploads\/2022\/08\/IP66-Outdoor-Waterproof-Smart-Digital-Signage-5-1.webp 750w, https:\/\/hiti.be\/wp-content\/uploads\/2022\/08\/IP66-Outdoor-Waterproof-Smart-Digital-Signage-5-1-261x300.webp 261w, https:\/\/hiti.be\/wp-content\/uploads\/2022\/08\/IP66-Outdoor-Waterproof-Smart-Digital-Signage-5-1-600x689.webp 600w\" alt=\"\" width=\"750\" height=\"861\" \/><\/p><h4 style=\"text-align: center;\">\u00c9cran \u00e9tanche ext\u00e9rieur ultra mince IP66<\/h4><p style=\"text-align: center;\">Il est plus l\u00e9ger, plus fin et plus beau que les \u00e9crans ext\u00e9rieure traditionnelle.<\/p><p style=\"text-align: center;\"><img loading=\"lazy\" decoding=\"async\" src=\"https:\/\/hiti.be\/wp-content\/uploads\/2022\/08\/IP66-Outdoor-Waterproof-Smart-Digital-Signage-4-1.webp\" sizes=\"(max-width: 750px) 100vw, 750px\" srcset=\"https:\/\/hiti.be\/wp-content\/uploads\/2022\/08\/IP66-Outdoor-Waterproof-Smart-Digital-Signage-4-1.webp 750w, https:\/\/hiti.be\/wp-content\/uploads\/2022\/08\/IP66-Outdoor-Waterproof-Smart-Digital-Signage-4-1-230x300.webp 230w, https:\/\/hiti.be\/wp-content\/uploads\/2022\/08\/IP66-Outdoor-Waterproof-Smart-Digital-Signage-4-1-600x782.webp 600w\" alt=\"\" width=\"750\" height=\"978\" \/><\/p><h4 style=\"text-align: center;\">Technologie de liaison optique compl\u00e8te<\/h4><p style=\"text-align: center;\">Adoptez la technologie de liaison optique compl\u00e8te, plus \u00e9conome en \u00e9nergie et plus \u00e9l\u00e9gante que les mod\u00e8les traditionnels, avec un meilleur affichage.\u00a0<\/p><p style=\"text-align: center;\"><img loading=\"lazy\" decoding=\"async\" src=\"https:\/\/hiti.be\/wp-content\/uploads\/2022\/08\/IP66-Outdoor-Waterproof-Smart-Digital-Signage-6-1.webp\" sizes=\"(max-width: 750px) 100vw, 750px\" srcset=\"https:\/\/hiti.be\/wp-content\/uploads\/2022\/08\/IP66-Outdoor-Waterproof-Smart-Digital-Signage-6-1.webp 750w, https:\/\/hiti.be\/wp-content\/uploads\/2022\/08\/IP66-Outdoor-Waterproof-Smart-Digital-Signage-6-1-271x300.webp 271w, https:\/\/hiti.be\/wp-content\/uploads\/2022\/08\/IP66-Outdoor-Waterproof-Smart-Digital-Signage-6-1-600x663.webp 600w\" alt=\"\" width=\"750\" height=\"829\" \/><\/p><h4 style=\"text-align: center;\">Capteur de lumi\u00e8re intelligent<\/h4><p style=\"text-align: center;\">Peut ajuster automatiquement la luminosit\u00e9 de l&rsquo;\u00e9cran LCD en fonction de la luminosit\u00e9 de la lumi\u00e8re externe, afin de r\u00e9duire au maximum la consommation d&rsquo;\u00e9nergie, d&rsquo;\u00e9conomiser de l&rsquo;\u00e9nergie et de prot\u00e9ger l&rsquo;environnement<\/p><h3 style=\"text-align: center;\">\u00a0<\/h3><p style=\"text-align: center;\"><img loading=\"lazy\" decoding=\"async\" src=\"https:\/\/hiti.be\/wp-content\/uploads\/2022\/08\/IP66-Outdoor-Waterproof-Smart-Digital-Signage-10-1.webp\" sizes=\"(max-width: 750px) 100vw, 750px\" srcset=\"https:\/\/hiti.be\/wp-content\/uploads\/2022\/08\/IP66-Outdoor-Waterproof-Smart-Digital-Signage-10-1.webp 750w, https:\/\/hiti.be\/wp-content\/uploads\/2022\/08\/IP66-Outdoor-Waterproof-Smart-Digital-Signage-10-1-270x300.webp 270w, https:\/\/hiti.be\/wp-content\/uploads\/2022\/08\/IP66-Outdoor-Waterproof-Smart-Digital-Signage-10-1-600x666.webp 600w\" alt=\"\" width=\"750\" height=\"832\" \/><\/p><h4 style=\"text-align: center;\">Conception de la structure de ventilation de qualit\u00e9\u00a0<\/h4><p style=\"text-align: center;\">Adopte une conception de structure de ventilation de qualit\u00e9 militaire.\u00a0Lorsque la temp\u00e9rature de la<br \/>machine augmente, elle peut refroidir rapidement sans affecter l&rsquo;utilisation de l&rsquo;\u00e9cran.<\/p><p style=\"text-align: center;\"><img loading=\"lazy\" decoding=\"async\" src=\"https:\/\/hiti.be\/wp-content\/uploads\/2022\/08\/IP66-Outdoor-Waterproof-Smart-Digital-Signage-8-1-1.webp\" sizes=\"(max-width: 750px) 100vw, 750px\" srcset=\"https:\/\/hiti.be\/wp-content\/uploads\/2022\/08\/IP66-Outdoor-Waterproof-Smart-Digital-Signage-8-1-1.webp 750w, https:\/\/hiti.be\/wp-content\/uploads\/2022\/08\/IP66-Outdoor-Waterproof-Smart-Digital-Signage-8-1-1-264x300.webp 264w, https:\/\/hiti.be\/wp-content\/uploads\/2022\/08\/IP66-Outdoor-Waterproof-Smart-Digital-Signage-8-1-1-600x682.webp 600w\" alt=\"\" width=\"750\" height=\"853\" \/><\/p><h4 style=\"text-align: center;\">\u00c9cran LCD\u00a0<\/h4><p style=\"text-align: center;\">Adoptez un \u00e9cran LCD r\u00e9sistant aux hautes temp\u00e9ratures et des composants de haute qualit\u00e9,<br \/>l&rsquo;\u00e9cran LCD peut fonctionner \u00e0 une temp\u00e9rature maximale de 110 \u2103, le produit fini peut fonctionner \u00e0 une temp\u00e9rature maximale de 70 \u2103<\/p><p style=\"text-align: center;\"><img loading=\"lazy\" decoding=\"async\" src=\"https:\/\/hiti.be\/wp-content\/uploads\/2022\/08\/IP66-Outdoor-Waterproof-Smart-Digital-Signage-7-1.webp\" sizes=\"(max-width: 750px) 100vw, 750px\" srcset=\"https:\/\/hiti.be\/wp-content\/uploads\/2022\/08\/IP66-Outdoor-Waterproof-Smart-Digital-Signage-7-1.webp 750w, https:\/\/hiti.be\/wp-content\/uploads\/2022\/08\/IP66-Outdoor-Waterproof-Smart-Digital-Signage-7-1-260x300.webp 260w, https:\/\/hiti.be\/wp-content\/uploads\/2022\/08\/IP66-Outdoor-Waterproof-Smart-Digital-Signage-7-1-600x693.webp 600w\" alt=\"\" width=\"750\" height=\"866\" \/><\/p><h4 style=\"text-align: center;\">Les 2 m\u00e9thodes d&rsquo;installation \u00e9cran mural ou le support sur pied<\/h4><p style=\"text-align: center;\">Une qualit\u00e9 d&rsquo;image qui peut afficher des couleurs brillantes avec plus de pr\u00e9cision, et s&rsquo;adapter \u00e0 plus de mileux<\/p><p style=\"text-align: center;\"><img loading=\"lazy\" decoding=\"async\" src=\"https:\/\/hiti.be\/wp-content\/uploads\/2022\/08\/IP66-Outdoor-Waterproof-Smart-Digital-Signage-12-1.webp\" sizes=\"(max-width: 750px) 100vw, 750px\" srcset=\"https:\/\/hiti.be\/wp-content\/uploads\/2022\/08\/IP66-Outdoor-Waterproof-Smart-Digital-Signage-12-1.webp 750w, https:\/\/hiti.be\/wp-content\/uploads\/2022\/08\/IP66-Outdoor-Waterproof-Smart-Digital-Signage-12-1-293x300.webp 293w, https:\/\/hiti.be\/wp-content\/uploads\/2022\/08\/IP66-Outdoor-Waterproof-Smart-Digital-Signage-12-1-600x615.webp 600w\" alt=\"\" width=\"750\" height=\"769\" \/><\/p><h4 style=\"text-align: center;\">Photos du produit<\/h4><p style=\"text-align: center;\"><img loading=\"lazy\" decoding=\"async\" src=\"https:\/\/hiti.be\/wp-content\/uploads\/2022\/08\/IP66-Outdoor-Waterproof-Smart-Digital-Signage-13-1.webp\" sizes=\"(max-width: 750px) 100vw, 750px\" srcset=\"https:\/\/hiti.be\/wp-content\/uploads\/2022\/08\/IP66-Outdoor-Waterproof-Smart-Digital-Signage-13-1.webp 750w, https:\/\/hiti.be\/wp-content\/uploads\/2022\/08\/IP66-Outdoor-Waterproof-Smart-Digital-Signage-13-1-248x300.webp 248w, https:\/\/hiti.be\/wp-content\/uploads\/2022\/08\/IP66-Outdoor-Waterproof-Smart-Digital-Signage-13-1-600x725.webp 600w\" alt=\"\" width=\"750\" height=\"906\" \/><\/p><h3 style=\"text-align: center;\">Applications populaires<\/h3><p style=\"text-align: center;\"><img loading=\"lazy\" decoding=\"async\" src=\"https:\/\/hiti.be\/wp-content\/uploads\/2022\/08\/IP66-Outdoor-Waterproof-Smart-Digital-Signage-1-1.webp\" sizes=\"(max-width: 750px) 100vw, 750px\" srcset=\"https:\/\/hiti.be\/wp-content\/uploads\/2022\/08\/IP66-Outdoor-Waterproof-Smart-Digital-Signage-1-1.webp 750w, https:\/\/hiti.be\/wp-content\/uploads\/2022\/08\/IP66-Outdoor-Waterproof-Smart-Digital-Signage-1-1-255x300.webp 255w, https:\/\/hiti.be\/wp-content\/uploads\/2022\/08\/IP66-Outdoor-Waterproof-Smart-Digital-Signage-1-1-600x706.webp 600w\" alt=\"\" width=\"750\" height=\"883\" \/><\/p>\t\t\t\t\t\t\t\t<\/div>\n\t\t\t\t<\/div>\n\t\t\t\t<div class=\"elementor-element elementor-element-5320f39 elementor-widget elementor-widget-text-editor\" data-id=\"5320f39\" data-element_type=\"widget\" data-e-type=\"widget\" id=\"caracteristiques\" data-settings=\"{&quot;ekit_we_effect_on&quot;:&quot;none&quot;}\" data-widget_type=\"text-editor.default\">\n\t\t\t\t<div class=\"elementor-widget-container\">\n\t\t\t\t\t\t\t\t\t<p>\u00a0<\/p><p>\u00a0<\/p><table border=\"0\" width=\"719\" cellspacing=\"0\" cellpadding=\"0\"><tbody><tr><td colspan=\"3\" width=\"282\">\u00a0<\/td><td colspan=\"4\" width=\"437\">\u00a0<\/td><\/tr><tr><td rowspan=\"10\" width=\"119\" height=\"254\"><strong><span>Panneau<\/span><\/strong><\/td><td colspan=\"2\" width=\"162\"><span>Taille d&rsquo;affichage (pouce)<\/span><\/td><td width=\"108\"><span>32\u2033<\/span><\/td><td width=\"110\"><span>43&Prime;<\/span><\/td><td width=\"109\"><span>49\u2033<\/span><\/td><td width=\"109\"><span>55\u2033<\/span><\/td><\/tr><tr><td colspan=\"2\" width=\"162\"><span>R\u00e9solution<\/span><\/td><td width=\"108\"><span>1920\u00d71080<\/span><p>\u00a0<\/p><p><span>(16:9)<\/span><\/p><\/td><td width=\"110\"><span>1920\u00d71080<\/span><p>\u00a0<\/p><p><span>(16:9)<\/span><\/p><\/td><td width=\"109\"><span>1920\u00d71080<\/span><p>\u00a0<\/p><p><span>(16:9)<\/span><\/p><\/td><td width=\"109\"><span>1920\u00d71080<\/span><p>\u00a0<\/p><p><span>(16:9)<\/span><\/p><\/td><\/tr><tr><td colspan=\"2\" width=\"162\"><span>Zone d&rsquo;affichage active(mm)<\/span><\/td><td width=\"108\"><span>700.5(H)<\/span><p>\u00a0<\/p><p><span>x394.8(V)<\/span><\/p><\/td><td width=\"110\"><span>941(H)*530(V)<\/span><\/td><td width=\"109\"><span>1073.5(H) x<\/span><p>\u00a0<\/p><p><span>603.0(V)<\/span><\/p><\/td><td width=\"109\"><span>1209.6(H)x<\/span><p>\u00a0<\/p><p><span>680.4(V)<\/span><\/p><\/td><\/tr><tr><td colspan=\"2\" width=\"162\"><span>Ratio d&rsquo;aspect<\/span><\/td><td width=\"108\"><span>16:09<\/span><\/td><td width=\"110\"><span>16:09<\/span><\/td><td width=\"109\"><span>16:09<\/span><\/td><td width=\"109\"><span>16:09<\/span><\/td><\/tr><tr><td colspan=\"2\" width=\"162\"><span>Luminosit\u00e9(cd\/m2)<\/span><\/td><td width=\"108\"><span>2000nit<\/span><\/td><td width=\"110\"><span>2500nit<\/span><\/td><td width=\"109\"><span>2500nit<\/span><\/td><td width=\"109\"><span>2500nit<\/span><\/td><\/tr><tr><td colspan=\"2\" width=\"162\"><span>Rapport de contraste (Typ.)<\/span><\/td><td colspan=\"4\" width=\"437\"><span>2000:1<\/span><\/td><\/tr><tr><td colspan=\"2\" width=\"162\"><span>Angle de vue (H\/V)<\/span><\/td><td colspan=\"4\" width=\"437\"><span>178\/178<\/span><\/td><\/tr><tr><td colspan=\"2\" width=\"162\"><span>Couleur<\/span><\/td><td colspan=\"4\" width=\"437\"><span>16.7M<\/span><\/td><\/tr><tr><td colspan=\"2\" width=\"162\"><span>Temps de r\u00e9ponse (G \u00e0 G)<\/span><\/td><td colspan=\"4\" width=\"437\"><span>6ms<\/span><\/td><\/tr><tr><td colspan=\"2\" width=\"162\"><span>Heure d&rsquo;ouverture<\/span><\/td><td colspan=\"4\" width=\"437\"><span>24\/7<\/span><\/td><\/tr><tr><td width=\"119\"><strong><span>Du son<\/span><\/strong><\/td><td colspan=\"2\" width=\"162\"><span>Haut-parleur<\/span><\/td><td colspan=\"4\" width=\"437\"><span>5W, 8\u03a9 (2 jeux)<\/span><\/td><\/tr><tr><td rowspan=\"5\" width=\"119\" height=\"114\"><strong><span>Du pouvoir<\/span><\/strong><\/td><td colspan=\"2\" width=\"162\"><span>Taper<\/span><\/td><td colspan=\"4\" width=\"437\"><span>Interne<\/span><\/td><\/tr><tr><td colspan=\"2\" width=\"162\"><span>Source de courant<\/span><\/td><td colspan=\"4\" width=\"437\"><span>CA 100 \u2013 240 V~ (+\/- 10 %), 50\/60 Hz<\/span><\/td><\/tr><tr><td rowspan=\"3\" width=\"86\" height=\"68\"><span>Consommation d&rsquo;\u00e9nergie<\/span><\/td><td width=\"75\"><span>Max[W\/h]<\/span><\/td><td width=\"108\"><span>130W<\/span><\/td><td width=\"110\"><span>180W<\/span><\/td><td width=\"109\"><span>260W<\/span><\/td><td width=\"109\"><span>300W<\/span><\/td><\/tr><tr><td width=\"75\"><span>Mode veille<\/span><\/td><td colspan=\"4\" width=\"437\"><span>moins de 0.5W<\/span><\/td><\/tr><tr><td width=\"75\"><span>Arr\u00eat<\/span><\/td><td colspan=\"4\" width=\"437\"><span>moins de 0.5W<\/span><\/td><\/tr><tr><td rowspan=\"5\" width=\"119\" height=\"124\"><strong><span>M\u00e9canique<\/span><\/strong><p>\u00a0<\/p><p><strong><span>Sp\u00e9cification<\/span><\/strong><\/p><\/td><td colspan=\"2\" width=\"162\"><span>Verre de protection<\/span><\/td><td colspan=\"4\" width=\"437\"><span>Verre anti-reflet AR<\/span><\/td><\/tr><tr><td colspan=\"2\" width=\"162\"><span>Dur\u00e9e de vie du logement<\/span><\/td><td colspan=\"4\" width=\"437\"><span>8 ann\u00e9es<\/span><\/td><\/tr><tr><td colspan=\"2\" width=\"162\"><span>Taux d&rsquo;IP<\/span><\/td><td colspan=\"4\" width=\"437\"><span>IP66<\/span><\/td><\/tr><tr><td colspan=\"2\" width=\"162\"><span>Classification anti-danger<\/span><\/td><td colspan=\"4\" width=\"437\"><span>IK10<\/span><\/td><\/tr><tr><td colspan=\"2\" width=\"162\"><span>Type de support<\/span><\/td><td colspan=\"4\" width=\"437\"><span>Mural \/ Plafond \/ Autoportant<\/span><\/td><\/tr><tr><td rowspan=\"5\" width=\"119\" height=\"124\"><strong><span>Environnement<\/span><\/strong><\/td><td colspan=\"2\" width=\"162\"><span>Temp\u00e9rature de fonctionnement<\/span><\/td><td colspan=\"4\" width=\"437\"><span>-30\u00b0C ~ 80\u00b0C<\/span><\/td><\/tr><tr><td colspan=\"2\" width=\"162\"><span>Temp\u00e9rature de stockage<\/span><\/td><td colspan=\"4\" width=\"437\"><span>-30\u00b0C ~ 55\u00b0C<\/span><\/td><\/tr><tr><td colspan=\"2\" width=\"162\"><span>humidit\u00e9 d&rsquo;exploitation<\/span><\/td><td colspan=\"4\" width=\"437\"><span>10\u00a0% ~ 80\u00a0%<\/span><\/td><\/tr><tr><td colspan=\"2\" width=\"162\"><span>Humidit\u00e9 de stockage<\/span><\/td><td colspan=\"4\" width=\"437\"><span>5% ~ 98%<\/span><\/td><\/tr><tr><td colspan=\"2\" width=\"162\"><span>Syst\u00e8me de refroidissement<\/span><\/td><td colspan=\"4\" width=\"437\"><span>Turboventilateur puissant et ventilateur \u00e0 flux crois\u00e9s\/climatisation (en option)<\/span><\/td><\/tr><tr><td rowspan=\"10\" width=\"119\" height=\"251\"><strong><span>SE<\/span><\/strong><\/td><td rowspan=\"10\" width=\"86\" height=\"251\"><span>Lecteur multim\u00e9dia Android<\/span><\/td><td width=\"75\"><span>Processeur<\/span><\/td><td colspan=\"4\" width=\"437\"><span>Rockchip\u00ae RK3288 (1,8 GHz, quatre c\u0153urs)<\/span><\/td><\/tr><tr><td width=\"75\"><span>RAM<\/span><\/td><td colspan=\"4\" width=\"437\"><span>2G<\/span><\/td><\/tr><tr><td width=\"75\"><span>\u00c9clat<\/span><\/td><td colspan=\"4\" width=\"437\"><span>MEM 8G<\/span><\/td><\/tr><tr><td width=\"75\"><span>USB<\/span><\/td><td colspan=\"4\" width=\"437\"><span>H\u00d4TE USB2.0 (X2)<\/span><\/td><\/tr><tr><td width=\"75\"><span>r\u00e9seau local<\/span><\/td><td colspan=\"4\" width=\"437\"><span>Ethernet 10M\/100M (\u00e9cran de version r\u00e9seau uniquement)<\/span><\/td><\/tr><tr><td width=\"75\"><span>M\u00e9moire externe<\/span><\/td><td colspan=\"4\" width=\"437\"><span>Carte SD 8 Go (jusqu&rsquo;\u00e0 32 Go)<\/span><\/td><\/tr><tr><td width=\"75\"><span>Multim\u00e9dia<\/span><\/td><td colspan=\"4\" width=\"437\"><span>Vid\u00e9o (MPG, AVI, MP4, RM, RMVB, TS), Audio (MP3, WMA), Image (JPG, GIF, BMP, PNG)<\/span><\/td><\/tr><tr><td width=\"75\"><span>R\u00e9solution multim\u00e9dia<\/span><\/td><td colspan=\"4\" width=\"437\"><span>1920*1080<\/span><\/td><\/tr><tr><td width=\"75\"><span>Wifi<\/span><\/td><td colspan=\"4\" width=\"437\"><span>Ethernet 802.11b\/g\/n (\u00e9cran de version r\u00e9seau uniquement)<\/span><\/td><\/tr><tr><td width=\"75\"><span>Syst\u00e8me op\u00e9rateur<\/span><\/td><td colspan=\"4\" width=\"437\"><span>Android 7.1<\/span><\/td><\/tr><tr><td width=\"119\"><strong><span>Certificat<\/span><\/strong><\/td><td colspan=\"2\" width=\"162\"><span>S\u00e9curit\u00e9<\/span><\/td><td colspan=\"4\" width=\"437\"><span>CE<\/span><\/td><\/tr><tr><td rowspan=\"3\" width=\"119\" height=\"73\"><strong><span>Accessoires<\/span><\/strong><\/td><td colspan=\"2\" width=\"162\"><span>Inclus<\/span><\/td><td colspan=\"4\" width=\"437\"><span>Logiciel de planification, T\u00e9l\u00e9commande, Cl\u00e9, C\u00e2ble d&rsquo;alimentation, Carte SD, Support mural<\/span><\/td><\/tr><tr><td colspan=\"2\" width=\"162\"><span>Assurance qualit\u00e9<\/span><\/td><td colspan=\"4\" width=\"437\"><span>1 an<\/span><\/td><\/tr><tr><td colspan=\"2\" width=\"162\"><span>Genre d&#8217;emballage<\/span><\/td><td colspan=\"4\" width=\"437\"><span>Bo\u00eete en Carton\/bo\u00eete en nid d&rsquo;abeille + caisse en bois<\/span><\/td><\/tr><\/tbody><\/table>\t\t\t\t\t\t\t\t<\/div>\n\t\t\t\t<\/div>\n\t\t\t\t\t<\/div>\n\t\t<\/div>\n\t\t\t\t\t<\/div>\n\t\t<\/section>\n\t\t\t\t<\/div>\n\t\t","protected":false},"excerpt":{"rendered":"<h2>Feature screen outdoor waterproof<\/h2>\n<p><strong>Screen fixed to the wall, with a technique of optical link of screen fully fitted, a frame, ultra-slim, 38 mm, ultra-thin and 98 mm thick, the screen accounts for 96 %. He has a degree of protection IP66 and one resistant to high temperatures and has a high brightness.<\/strong><\/p>\n<ul>\n<li><i class=\"bx bx-check\"><\/i>\u00a0Sizes : 32&#034; 43&#034; 49&#034; 55&#034; 65&#034;<\/li>\n<li>\u00a0Brightness : 2500 nits<\/li>\n<li>\u00a0Resolution : 1920*1080<\/li>\n<li>\u00a0Installation\uff1a wall Mounted<\/li>\n<\/ul>\n<p>&nbsp;<\/p>\n<p>You are interested ? then your wait is over !<\/p>\n<p>\u201cThe display of the prices is not available,\u00a0<span style=\"color: #3366ff;\"><a style=\"color: #3366ff;\" href=\"https:\/\/www.ynova.be\/en\/devis\/\">please contact us to make an estimate\u00a0<\/a><\/span>\u201c<\/p>","protected":false},"featured_media":29369,"template":"","meta":{"_acf_changed":false},"product_brand":[],"product_cat":[655],"product_tag":[],"class_list":{"0":"post-1056","1":"product","2":"type-product","3":"status-publish","4":"has-post-thumbnail","6":"product_cat-kiosque-exterieur","8":"first","9":"instock","10":"taxable","11":"shipping-taxable","12":"product-type-simple"},"acf":[],"_links":{"self":[{"href":"https:\/\/www.ynova.be\/en\/wp-json\/wp\/v2\/product\/1056","targetHints":{"allow":["GET"]}}],"collection":[{"href":"https:\/\/www.ynova.be\/en\/wp-json\/wp\/v2\/product"}],"about":[{"href":"https:\/\/www.ynova.be\/en\/wp-json\/wp\/v2\/types\/product"}],"version-history":[{"count":0,"href":"https:\/\/www.ynova.be\/en\/wp-json\/wp\/v2\/product\/1056\/revisions"}],"wp:featuredmedia":[{"embeddable":true,"href":"https:\/\/www.ynova.be\/en\/wp-json\/wp\/v2\/media\/29369"}],"wp:attachment":[{"href":"https:\/\/www.ynova.be\/en\/wp-json\/wp\/v2\/media?parent=1056"}],"wp:term":[{"taxonomy":"product_brand","embeddable":true,"href":"https:\/\/www.ynova.be\/en\/wp-json\/wp\/v2\/product_brand?post=1056"},{"taxonomy":"product_cat","embeddable":true,"href":"https:\/\/www.ynova.be\/en\/wp-json\/wp\/v2\/product_cat?post=1056"},{"taxonomy":"product_tag","embeddable":true,"href":"https:\/\/www.ynova.be\/en\/wp-json\/wp\/v2\/product_tag?post=1056"}],"curies":[{"name":"wp","href":"https:\/\/api.w.org\/{rel}","templated":true}]}}