{"id":19542,"date":"2022-02-09T15:09:17","date_gmt":"2022-02-09T14:09:17","guid":{"rendered":"https:\/\/www.ynova.be\/?page_id=19542"},"modified":"2025-09-25T11:05:14","modified_gmt":"2025-09-25T09:05:14","slug":"ecran-led-exterieur","status":"publish","type":"page","link":"https:\/\/www.ynova.be\/en\/ecran-led-exterieur\/","title":{"rendered":"Ecran LED ext\u00e9rieur"},"content":{"rendered":"<div data-elementor-type=\"wp-page\" data-elementor-id=\"19542\" class=\"elementor elementor-19542\" data-elementor-post-type=\"page\">\n\t\t\t\t\t\t<section class=\"elementor-section elementor-top-section elementor-element elementor-element-8646e6b elementor-section-full_width elementor-section-height-default elementor-section-height-default\" data-id=\"8646e6b\" data-element_type=\"section\" data-e-type=\"section\" data-settings=\"{&quot;ekit_has_onepagescroll_dot&quot;:&quot;yes&quot;}\">\n\t\t\t\t\t\t<div class=\"elementor-container elementor-column-gap-no\">\n\t\t\t\t\t<div class=\"elementor-column elementor-col-100 elementor-top-column elementor-element elementor-element-cc9217c\" data-id=\"cc9217c\" data-element_type=\"column\" data-e-type=\"column\">\n\t\t\t<div class=\"elementor-widget-wrap elementor-element-populated\">\n\t\t\t\t\t\t<div class=\"elementor-element elementor-element-ca17f65 elementor--h-position-center elementor--v-position-middle elementor-widget elementor-widget-slides\" data-id=\"ca17f65\" data-element_type=\"widget\" data-e-type=\"widget\" data-settings=\"{&quot;navigation&quot;:&quot;none&quot;,&quot;autoplay&quot;:&quot;yes&quot;,&quot;pause_on_hover&quot;:&quot;yes&quot;,&quot;pause_on_interaction&quot;:&quot;yes&quot;,&quot;autoplay_speed&quot;:5000,&quot;infinite&quot;:&quot;yes&quot;,&quot;transition&quot;:&quot;slide&quot;,&quot;transition_speed&quot;:500,&quot;ekit_we_effect_on&quot;:&quot;none&quot;}\" data-widget_type=\"slides.default\">\n\t\t\t\t<div class=\"elementor-widget-container\">\n\t\t\t\t\t\t\t\t\t<div class=\"elementor-swiper\">\n\t\t\t\t\t<div class=\"elementor-slides-wrapper elementor-main-swiper swiper\" role=\"region\" aria-roledescription=\"carousel\" aria-label=\"Diapositives\" dir=\"ltr\" data-animation=\"fadeInUp\">\n\t\t\t\t<div class=\"swiper-wrapper elementor-slides\">\n\t\t\t\t\t\t\t\t\t\t<div class=\"elementor-repeater-item-69b1ba8 swiper-slide\" role=\"group\" aria-roledescription=\"slide\"><div class=\"swiper-slide-bg\" role=\"img\" aria-label=\"ecran led publicitaires\"><\/div><div class=\"swiper-slide-inner\" ><div class=\"swiper-slide-contents\"><div  class=\"elementor-button elementor-slide-button elementor-size-sm\">Cliquer ici<\/div><\/div><\/div><\/div>\t\t\t\t<\/div>\n\t\t\t\t\t\t\t<\/div>\n\t\t\t\t<\/div>\n\t\t\t\t\t\t\t\t<\/div>\n\t\t\t\t<\/div>\n\t\t\t\t\t<\/div>\n\t\t<\/div>\n\t\t\t\t\t<\/div>\n\t\t<\/section>\n\t\t<div class=\"elementor-element elementor-element-816988b e-flex e-con-boxed e-con e-parent\" data-id=\"816988b\" data-element_type=\"container\" data-e-type=\"container\" data-settings=\"{&quot;ekit_has_onepagescroll_dot&quot;:&quot;yes&quot;}\">\n\t\t\t\t\t<div class=\"e-con-inner\">\n\t\t\t\t\t<\/div>\n\t\t\t\t<\/div>\n\t\t\t\t<section class=\"elementor-section elementor-top-section elementor-element elementor-element-7ec903a elementor-section-boxed elementor-section-height-default elementor-section-height-default\" data-id=\"7ec903a\" data-element_type=\"section\" data-e-type=\"section\" data-settings=\"{&quot;ekit_has_onepagescroll_dot&quot;:&quot;yes&quot;}\">\n\t\t\t\t\t\t<div class=\"elementor-container elementor-column-gap-default\">\n\t\t\t\t\t<div class=\"elementor-column elementor-col-100 elementor-top-column elementor-element elementor-element-6d76c77\" data-id=\"6d76c77\" data-element_type=\"column\" data-e-type=\"column\">\n\t\t\t<div class=\"elementor-widget-wrap elementor-element-populated\">\n\t\t\t\t\t\t<section class=\"elementor-section elementor-inner-section elementor-element elementor-element-817cf72 elementor-section-full_width elementor-section-height-default elementor-section-height-default elementor-invisible\" data-id=\"817cf72\" data-element_type=\"section\" data-e-type=\"section\" data-settings=\"{&quot;animation&quot;:&quot;fadeIn&quot;,&quot;ekit_has_onepagescroll_dot&quot;:&quot;yes&quot;}\">\n\t\t\t\t\t\t<div class=\"elementor-container elementor-column-gap-default\">\n\t\t\t\t\t<div class=\"elementor-column elementor-col-50 elementor-inner-column elementor-element elementor-element-86a51ed\" data-id=\"86a51ed\" data-element_type=\"column\" data-e-type=\"column\">\n\t\t\t<div class=\"elementor-widget-wrap elementor-element-populated\">\n\t\t\t\t\t\t<div class=\"elementor-element elementor-element-0cac82f elementor-widget elementor-widget-elementskit-heading\" data-id=\"0cac82f\" data-element_type=\"widget\" data-e-type=\"widget\" data-settings=\"{&quot;ekit_we_effect_on&quot;:&quot;none&quot;}\" data-widget_type=\"elementskit-heading.default\">\n\t\t\t\t<div class=\"elementor-widget-container\">\n\t\t\t\t\t<div class=\"ekit-wid-con\" ><div class=\"ekit-heading elementskit-section-title-wraper text_left   ekit_heading_tablet-   ekit_heading_mobile-\"><h3 class=\"ekit-heading--title elementskit-section-title\">Outdoor LED screen <br> <span><span>Request a free quote !<\/span><\/span><\/h3>\t\t\t\t<div class='ekit-heading__description'>\n\t\t\t\t\t<p>YNOVA supports you in your digital transformation. Contact us to receive a complete offer adapted to your needs.<\/p>\n\t\t\t\t<\/div>\n\t\t\t<\/div><\/div>\t\t\t\t<\/div>\n\t\t\t\t<\/div>\n\t\t\t\t\t<\/div>\n\t\t<\/div>\n\t\t\t\t<div class=\"elementor-column elementor-col-50 elementor-inner-column elementor-element elementor-element-220cb2b\" data-id=\"220cb2b\" data-element_type=\"column\" data-e-type=\"column\">\n\t\t\t<div class=\"elementor-widget-wrap elementor-element-populated\">\n\t\t\t\t\t\t<div class=\"elementor-element elementor-element-c01d632 elementor-align-right elementor-align--mobilecenter elementor-widget elementor-widget-elementskit-button\" data-id=\"c01d632\" data-element_type=\"widget\" data-e-type=\"widget\" data-settings=\"{&quot;ekit_we_effect_on&quot;:&quot;none&quot;}\" data-widget_type=\"elementskit-button.default\">\n\t\t\t\t<div class=\"elementor-widget-container\">\n\t\t\t\t\t<div class=\"ekit-wid-con\" >\t\t<div class=\"ekit-btn-wraper\">\n\t\t\t\t\t\t\t<a href=\"https:\/\/www.ynova.be\/en\/devis\/\" class=\"elementskit-btn  whitespace--normal\" id=\"\">\n\t\t\t\t\tquote<i class=\"fasicon icon-right-arrow\"><\/i>\t\t\t\t<\/a>\n\t\t\t\t\t<\/div>\n        <\/div>\t\t\t\t<\/div>\n\t\t\t\t<\/div>\n\t\t\t\t\t<\/div>\n\t\t<\/div>\n\t\t\t\t\t<\/div>\n\t\t<\/section>\n\t\t\t\t\t<\/div>\n\t\t<\/div>\n\t\t\t\t\t<\/div>\n\t\t<\/section>\n\t\t\t\t<section class=\"elementor-section elementor-top-section elementor-element elementor-element-c5a246f elementor-section-boxed elementor-section-height-default elementor-section-height-default\" data-id=\"c5a246f\" data-element_type=\"section\" data-e-type=\"section\" data-settings=\"{&quot;ekit_has_onepagescroll_dot&quot;:&quot;yes&quot;}\">\n\t\t\t\t\t\t<div class=\"elementor-container elementor-column-gap-default\">\n\t\t\t\t\t<div class=\"elementor-column elementor-col-100 elementor-top-column elementor-element elementor-element-76586ab\" data-id=\"76586ab\" data-element_type=\"column\" data-e-type=\"column\">\n\t\t\t<div class=\"elementor-widget-wrap elementor-element-populated\">\n\t\t\t\t\t\t<div class=\"elementor-element elementor-element-ed9d7ab elementor-widget elementor-widget-text-editor\" data-id=\"ed9d7ab\" data-element_type=\"widget\" data-e-type=\"widget\" data-settings=\"{&quot;ekit_we_effect_on&quot;:&quot;none&quot;}\" data-widget_type=\"text-editor.default\">\n\t\t\t\t<div class=\"elementor-widget-container\">\n\t\t\t\t\t\t\t\t\t<h1 class=\"pb-1 pb-lg-3\">Exterior LED displays<\/h1>\t\t\t\t\t\t\t\t<\/div>\n\t\t\t\t<\/div>\n\t\t\t\t<div class=\"elementor-element elementor-element-9a6d96c elementor-widget elementor-widget-image\" data-id=\"9a6d96c\" data-element_type=\"widget\" data-e-type=\"widget\" data-settings=\"{&quot;ekit_we_effect_on&quot;:&quot;none&quot;}\" data-widget_type=\"image.default\">\n\t\t\t\t<div class=\"elementor-widget-container\">\n\t\t\t\t\t\t\t\t\t\t\t\t\t\t\t<img fetchpriority=\"high\" decoding=\"async\" width=\"800\" height=\"571\" src=\"https:\/\/www.ynova.be\/wp-content\/uploads\/2024\/04\/65eadb3900df7-1024x731.jpg\" class=\"attachment-large size-large wp-image-35467\" alt=\"\" srcset=\"https:\/\/www.ynova.be\/wp-content\/uploads\/2024\/04\/65eadb3900df7-1024x731.jpg 1024w, https:\/\/www.ynova.be\/wp-content\/uploads\/2024\/04\/65eadb3900df7-250x179.jpg 250w, https:\/\/www.ynova.be\/wp-content\/uploads\/2024\/04\/65eadb3900df7-768x549.jpg 768w, https:\/\/www.ynova.be\/wp-content\/uploads\/2024\/04\/65eadb3900df7-18x12.jpg 18w, https:\/\/www.ynova.be\/wp-content\/uploads\/2024\/04\/65eadb3900df7-1320x943.jpg 1320w, https:\/\/www.ynova.be\/wp-content\/uploads\/2024\/04\/65eadb3900df7-350x250.jpg 350w, https:\/\/www.ynova.be\/wp-content\/uploads\/2024\/04\/65eadb3900df7.jpg 1400w\" sizes=\"(max-width: 800px) 100vw, 800px\" \/>\t\t\t\t\t\t\t\t\t\t\t\t\t\t\t<\/div>\n\t\t\t\t<\/div>\n\t\t\t\t<div class=\"elementor-element elementor-element-596eda8 elementor-widget elementor-widget-text-editor\" data-id=\"596eda8\" data-element_type=\"widget\" data-e-type=\"widget\" data-settings=\"{&quot;ekit_we_effect_on&quot;:&quot;none&quot;}\" data-widget_type=\"text-editor.default\">\n\t\t\t\t<div class=\"elementor-widget-container\">\n\t\t\t\t\t\t\t\t\t<p><strong>LED screens<\/strong>\u00a0are screens\u00a0<strong>large format<\/strong>\u00a0based on\u00a0<strong>LED technology<\/strong> composed of multiple cabinets can reproduce a static image, or any video format to transparently as if it were a large monitor to a PC.<\/p>\t\t\t\t\t\t\t\t<\/div>\n\t\t\t\t<\/div>\n\t\t\t\t<div class=\"elementor-element elementor-element-53163b1 elementor-widget elementor-widget-gallery\" data-id=\"53163b1\" data-element_type=\"widget\" data-e-type=\"widget\" data-settings=\"{&quot;lazyload&quot;:&quot;yes&quot;,&quot;gallery_layout&quot;:&quot;grid&quot;,&quot;columns&quot;:4,&quot;columns_tablet&quot;:2,&quot;columns_mobile&quot;:1,&quot;gap&quot;:{&quot;unit&quot;:&quot;px&quot;,&quot;size&quot;:10,&quot;sizes&quot;:[]},&quot;gap_tablet&quot;:{&quot;unit&quot;:&quot;px&quot;,&quot;size&quot;:10,&quot;sizes&quot;:[]},&quot;gap_mobile&quot;:{&quot;unit&quot;:&quot;px&quot;,&quot;size&quot;:10,&quot;sizes&quot;:[]},&quot;link_to&quot;:&quot;file&quot;,&quot;aspect_ratio&quot;:&quot;3:2&quot;,&quot;overlay_background&quot;:&quot;yes&quot;,&quot;content_hover_animation&quot;:&quot;fade-in&quot;,&quot;ekit_we_effect_on&quot;:&quot;none&quot;}\" data-widget_type=\"gallery.default\">\n\t\t\t\t<div class=\"elementor-widget-container\">\n\t\t\t\t\t\t\t<div class=\"elementor-gallery__container\">\n\t\t\t\t\t\t\t<a class=\"e-gallery-item elementor-gallery-item elementor-animated-content\" href=\"https:\/\/www.ynova.be\/wp-content\/uploads\/2022\/02\/led-01-_1_.webp\" data-elementor-open-lightbox=\"yes\" data-elementor-lightbox-slideshow=\"53163b1\" data-elementor-lightbox-title=\"led-01-_1_\" data-e-action-hash=\"#elementor-action%3Aaction%3Dlightbox%26settings%3DeyJpZCI6MTk4MTgsInVybCI6Imh0dHBzOlwvXC93d3cueW5vdmEuYmVcL3dwLWNvbnRlbnRcL3VwbG9hZHNcLzIwMjJcLzAyXC9sZWQtMDEtXzFfLndlYnAiLCJzbGlkZXNob3ciOiI1MzE2M2IxIn0%3D\">\n\t\t\t\t\t<div class=\"e-gallery-image elementor-gallery-item__image\" data-thumbnail=\"https:\/\/www.ynova.be\/wp-content\/uploads\/2022\/02\/led-01-_1_.webp\" data-width=\"198\" data-height=\"138\" aria-label=\"\" role=\"img\" ><\/div>\n\t\t\t\t\t\t\t\t\t\t\t<div class=\"elementor-gallery-item__overlay\"><\/div>\n\t\t\t\t\t\t\t\t\t\t\t\t\t\t<\/a>\n\t\t\t\t\t\t\t<a class=\"e-gallery-item elementor-gallery-item elementor-animated-content\" href=\"https:\/\/www.ynova.be\/wp-content\/uploads\/2022\/02\/Ecrans-scaled-2.webp\" data-elementor-open-lightbox=\"yes\" data-elementor-lightbox-slideshow=\"53163b1\" data-elementor-lightbox-title=\"Ecrans-scaled-2\" data-e-action-hash=\"#elementor-action%3Aaction%3Dlightbox%26settings%3DeyJpZCI6MTk3OTgsInVybCI6Imh0dHBzOlwvXC93d3cueW5vdmEuYmVcL3dwLWNvbnRlbnRcL3VwbG9hZHNcLzIwMjJcLzAyXC9FY3JhbnMtc2NhbGVkLTIud2VicCIsInNsaWRlc2hvdyI6IjUzMTYzYjEifQ%3D%3D\">\n\t\t\t\t\t<div class=\"e-gallery-image elementor-gallery-item__image\" data-thumbnail=\"https:\/\/www.ynova.be\/wp-content\/uploads\/2022\/02\/Ecrans-scaled-2-300x180.webp\" data-width=\"250\" data-height=\"150\" aria-label=\"Screen Professional\" role=\"img\" ><\/div>\n\t\t\t\t\t\t\t\t\t\t\t<div class=\"elementor-gallery-item__overlay\"><\/div>\n\t\t\t\t\t\t\t\t\t\t\t\t\t\t<\/a>\n\t\t\t\t\t\t\t<a class=\"e-gallery-item elementor-gallery-item elementor-animated-content\" href=\"https:\/\/www.ynova.be\/wp-content\/uploads\/2022\/02\/ecran-geant-led.jpg\" data-elementor-open-lightbox=\"yes\" data-elementor-lightbox-slideshow=\"53163b1\" data-elementor-lightbox-title=\"ecran-geant-led\" data-e-action-hash=\"#elementor-action%3Aaction%3Dlightbox%26settings%3DeyJpZCI6MjAzNDQsInVybCI6Imh0dHBzOlwvXC93d3cueW5vdmEuYmVcL3dwLWNvbnRlbnRcL3VwbG9hZHNcLzIwMjJcLzAyXC9lY3Jhbi1nZWFudC1sZWQuanBnIiwic2xpZGVzaG93IjoiNTMxNjNiMSJ9\">\n\t\t\t\t\t<div class=\"e-gallery-image elementor-gallery-item__image\" data-thumbnail=\"https:\/\/www.ynova.be\/wp-content\/uploads\/2022\/02\/ecran-geant-led-300x151.jpg\" data-width=\"250\" data-height=\"126\" aria-label=\"\" role=\"img\" ><\/div>\n\t\t\t\t\t\t\t\t\t\t\t<div class=\"elementor-gallery-item__overlay\"><\/div>\n\t\t\t\t\t\t\t\t\t\t\t\t\t\t<\/a>\n\t\t\t\t\t\t\t<a class=\"e-gallery-item elementor-gallery-item elementor-animated-content\" href=\"https:\/\/www.ynova.be\/wp-content\/uploads\/2020\/02\/Ecrans_2-scaled.jpg\" data-elementor-open-lightbox=\"yes\" data-elementor-lightbox-slideshow=\"53163b1\" data-elementor-lightbox-title=\"Ecrans_ynova-dynascan-85-pouces-high-brightness\" data-e-action-hash=\"#elementor-action%3Aaction%3Dlightbox%26settings%3DeyJpZCI6MTQyNjUsInVybCI6Imh0dHBzOlwvXC93d3cueW5vdmEuYmVcL3dwLWNvbnRlbnRcL3VwbG9hZHNcLzIwMjBcLzAyXC9FY3JhbnNfMi1zY2FsZWQuanBnIiwic2xpZGVzaG93IjoiNTMxNjNiMSJ9\">\n\t\t\t\t\t<div class=\"e-gallery-image elementor-gallery-item__image\" data-thumbnail=\"https:\/\/www.ynova.be\/wp-content\/uploads\/2020\/02\/Ecrans_2-300x200.jpg\" data-width=\"250\" data-height=\"167\" aria-label=\"\" role=\"img\" ><\/div>\n\t\t\t\t\t\t\t\t\t\t\t<div class=\"elementor-gallery-item__overlay\"><\/div>\n\t\t\t\t\t\t\t\t\t\t\t\t\t\t<\/a>\n\t\t\t\t\t<\/div>\n\t\t\t\t\t<\/div>\n\t\t\t\t<\/div>\n\t\t\t\t<div class=\"elementor-element elementor-element-4969534 elementor-widget-divider--view-line elementor-widget elementor-widget-divider\" data-id=\"4969534\" data-element_type=\"widget\" data-e-type=\"widget\" data-settings=\"{&quot;ekit_we_effect_on&quot;:&quot;none&quot;}\" data-widget_type=\"divider.default\">\n\t\t\t\t<div class=\"elementor-widget-container\">\n\t\t\t\t\t\t\t<div class=\"elementor-divider\">\n\t\t\t<span class=\"elementor-divider-separator\">\n\t\t\t\t\t\t<\/span>\n\t\t<\/div>\n\t\t\t\t\t\t<\/div>\n\t\t\t\t<\/div>\n\t\t\t\t<div class=\"elementor-element elementor-element-dd9ca2e elementor-widget elementor-widget-text-editor\" data-id=\"dd9ca2e\" data-element_type=\"widget\" data-e-type=\"widget\" data-settings=\"{&quot;ekit_we_effect_on&quot;:&quot;none&quot;}\" data-widget_type=\"text-editor.default\">\n\t\t\t\t<div class=\"elementor-widget-container\">\n\t\t\t\t\t\t\t\t\t<h2 class=\"pb-1 pb-lg-3\">Characteristic<\/h2>\t\t\t\t\t\t\t\t<\/div>\n\t\t\t\t<\/div>\n\t\t\t\t<section class=\"elementor-section elementor-inner-section elementor-element elementor-element-ff4c97b elementor-section-boxed elementor-section-height-default elementor-section-height-default\" data-id=\"ff4c97b\" data-element_type=\"section\" data-e-type=\"section\" data-settings=\"{&quot;ekit_has_onepagescroll_dot&quot;:&quot;yes&quot;}\">\n\t\t\t\t\t\t<div class=\"elementor-container elementor-column-gap-default\">\n\t\t\t\t\t<div class=\"elementor-column elementor-col-50 elementor-inner-column elementor-element elementor-element-dcdc214\" data-id=\"dcdc214\" data-element_type=\"column\" data-e-type=\"column\">\n\t\t\t<div class=\"elementor-widget-wrap elementor-element-populated\">\n\t\t\t\t\t\t<div class=\"elementor-element elementor-element-f8265af elementor-widget elementor-widget-image\" data-id=\"f8265af\" data-element_type=\"widget\" data-e-type=\"widget\" data-settings=\"{&quot;ekit_we_effect_on&quot;:&quot;none&quot;}\" data-widget_type=\"image.default\">\n\t\t\t\t<div class=\"elementor-widget-container\">\n\t\t\t\t\t\t\t\t\t\t\t\t\t\t\t<img decoding=\"async\" width=\"800\" height=\"480\" src=\"https:\/\/www.ynova.be\/wp-content\/uploads\/2022\/02\/20211220103707_80386.jpg\" class=\"attachment-large size-large wp-image-19560\" alt=\"ecran led exterieur\" srcset=\"https:\/\/www.ynova.be\/wp-content\/uploads\/2022\/02\/20211220103707_80386.jpg 1000w, https:\/\/www.ynova.be\/wp-content\/uploads\/2022\/02\/20211220103707_80386-350x210.jpg 350w, https:\/\/www.ynova.be\/wp-content\/uploads\/2022\/02\/20211220103707_80386-64x38.jpg 64w, https:\/\/www.ynova.be\/wp-content\/uploads\/2022\/02\/20211220103707_80386-300x180.jpg 300w, https:\/\/www.ynova.be\/wp-content\/uploads\/2022\/02\/20211220103707_80386-768x461.jpg 768w, https:\/\/www.ynova.be\/wp-content\/uploads\/2022\/02\/20211220103707_80386-600x360.jpg 600w\" sizes=\"(max-width: 800px) 100vw, 800px\" \/>\t\t\t\t\t\t\t\t\t\t\t\t\t\t\t<\/div>\n\t\t\t\t<\/div>\n\t\t\t\t\t<\/div>\n\t\t<\/div>\n\t\t\t\t<div class=\"elementor-column elementor-col-50 elementor-inner-column elementor-element elementor-element-afaf91b\" data-id=\"afaf91b\" data-element_type=\"column\" data-e-type=\"column\">\n\t\t\t<div class=\"elementor-widget-wrap elementor-element-populated\">\n\t\t\t\t\t\t<div class=\"elementor-element elementor-element-b264236 elementor-widget elementor-widget-text-editor\" data-id=\"b264236\" data-element_type=\"widget\" data-e-type=\"widget\" data-settings=\"{&quot;ekit_we_effect_on&quot;:&quot;none&quot;}\" data-widget_type=\"text-editor.default\">\n\t\t\t\t<div class=\"elementor-widget-container\">\n\t\t\t\t\t\t\t\t\t<p>\u2714 Fully modular design for assembly and repair easy<\/p><p>\u2714 Lightweight and end<\/p><p>\u2714 Out-of-cabinet design \/ Only need a simple frame to hold the modules, which can save a big installation cost<\/p><p>\u2714 Low noise fans<\/p><p>\u2714 Flexible on screen size<\/p><p>\u2714 IP65 waterproof<\/p>\t\t\t\t\t\t\t\t<\/div>\n\t\t\t\t<\/div>\n\t\t\t\t<div class=\"elementor-element elementor-element-6ffdc6e elementor-align-center elementor-widget elementor-widget-button\" data-id=\"6ffdc6e\" data-element_type=\"widget\" data-e-type=\"widget\" data-settings=\"{&quot;ekit_we_effect_on&quot;:&quot;none&quot;}\" data-widget_type=\"button.default\">\n\t\t\t\t<div class=\"elementor-widget-container\">\n\t\t\t\t\t\t\t\t\t<div class=\"elementor-button-wrapper\">\n\t\t\t\t\t<a class=\"elementor-button elementor-button-link elementor-size-sm\" href=\"https:\/\/www.ynova.be\/en\/devis\/\">\n\t\t\t\t\t\t<span class=\"elementor-button-content-wrapper\">\n\t\t\t\t\t\t\t\t\t<span class=\"elementor-button-text\">Ask for a quotation <\/span>\n\t\t\t\t\t<\/span>\n\t\t\t\t\t<\/a>\n\t\t\t\t<\/div>\n\t\t\t\t\t\t\t\t<\/div>\n\t\t\t\t<\/div>\n\t\t\t\t\t<\/div>\n\t\t<\/div>\n\t\t\t\t\t<\/div>\n\t\t<\/section>\n\t\t\t\t<div class=\"elementor-element elementor-element-a623617 elementor-widget elementor-widget-text-editor\" data-id=\"a623617\" data-element_type=\"widget\" data-e-type=\"widget\" data-settings=\"{&quot;ekit_we_effect_on&quot;:&quot;none&quot;}\" data-widget_type=\"text-editor.default\">\n\t\t\t\t<div class=\"elementor-widget-container\">\n\t\t\t\t\t\t\t\t\t<h3 class=\"boc_heading al_left\"><strong>What characteristics must have<\/strong>\u00a0an outdoor LED screen ?<\/h3><p>The special feature of the LED screens outside is that they are visible and functional in all exposure conditions and climate, even the most harsh.<\/p><p>The reproduced images can be viewed in daylight or in the dark, from sunrise to sunset, without glare, even in bright sunlight or at night.<\/p><p>Thanks to their versatility, they can reach great dimensions and cover entire buildings, built-in scaffolds), mounted on poles, roofs, walls.<\/p><p>Because of their size, they can be seen at great distances, such as from very close, thanks to a pitch or pixel distance, which can now be of 2.6 mm (no pixels are not visible within 3 meters).<\/p><p>These properties make video walls LED suitable for any type of usage : advertising, entertainment, communication, information, a revolution in the world of media.<\/p><div class=\"elementor-element elementor-element-98a52d5 elementor-widget elementor-widget-text-editor\" data-id=\"98a52d5\" data-element_type=\"widget\" data-widget_type=\"text-editor.default\"><div class=\"elementor-widget-container\"><div class=\"elementor-text-editor elementor-clearfix\"><h3 class=\"pb-1 pb-lg-3\">Installation\u00a0<\/h3><\/div><\/div><\/div><div class=\"elementor-element elementor-element-30c0e42 elementor-widget elementor-widget-text-editor\" data-id=\"30c0e42\" data-element_type=\"widget\" data-widget_type=\"text-editor.default\"><div class=\"elementor-widget-container\"><div class=\"elementor-text-editor elementor-clearfix\"><p><span id=\"p57\">The LED panels are generally installed for advertising, window or outdoors.\u00a0\u00a0<\/span><\/p><p><span id=\"p4\">In contrast to the totem poles, the giant screens must have a computer on which you install an application that is easy to take in hand for the broadcast media, we will explain to you how it works before or after installation.<\/span><span id=\"p1\">\u00a0<\/span><\/p><p><span id=\"p55\">For the installation, YNOVA takes care of everything.<\/span><span id=\"p47\">\u00a0<\/span><\/p><p><span style=\"color: #0000ff;\"><a style=\"color: #0000ff;\" href=\"https:\/\/www.facebook.com\/www.ynova.be\/\"><span id=\"p47\">Facebook YNOVA<\/span><\/a><\/span><\/p><\/div><\/div><\/div>\t\t\t\t\t\t\t\t<\/div>\n\t\t\t\t<\/div>\n\t\t\t\t<div class=\"elementor-element elementor-element-4c5fdfb elementor-widget elementor-widget-text-editor\" data-id=\"4c5fdfb\" data-element_type=\"widget\" data-e-type=\"widget\" data-settings=\"{&quot;ekit_we_effect_on&quot;:&quot;none&quot;}\" data-widget_type=\"text-editor.default\">\n\t\t\t\t<div class=\"elementor-widget-container\">\n\t\t\t\t\t\t\t\t\t<h2 class=\"pb-1 pb-lg-3\">Installation of led walls<\/h2>\t\t\t\t\t\t\t\t<\/div>\n\t\t\t\t<\/div>\n\t\t\t\t<div class=\"elementor-element elementor-element-c36e663 elementor-widget elementor-widget-image\" data-id=\"c36e663\" data-element_type=\"widget\" data-e-type=\"widget\" data-settings=\"{&quot;ekit_we_effect_on&quot;:&quot;none&quot;}\" data-widget_type=\"image.default\">\n\t\t\t\t<div class=\"elementor-widget-container\">\n\t\t\t\t\t\t\t\t\t\t\t\t\t\t\t<img decoding=\"async\" width=\"768\" height=\"461\" src=\"https:\/\/www.ynova.be\/wp-content\/uploads\/2022\/02\/20211220115316_14875-1-768x461.jpg\" class=\"attachment-medium_large size-medium_large wp-image-19561\" alt=\"\" srcset=\"https:\/\/www.ynova.be\/wp-content\/uploads\/2022\/02\/20211220115316_14875-1-768x461.jpg 768w, https:\/\/www.ynova.be\/wp-content\/uploads\/2022\/02\/20211220115316_14875-1-350x210.jpg 350w, https:\/\/www.ynova.be\/wp-content\/uploads\/2022\/02\/20211220115316_14875-1-64x38.jpg 64w, https:\/\/www.ynova.be\/wp-content\/uploads\/2022\/02\/20211220115316_14875-1-300x180.jpg 300w, https:\/\/www.ynova.be\/wp-content\/uploads\/2022\/02\/20211220115316_14875-1-600x360.jpg 600w, https:\/\/www.ynova.be\/wp-content\/uploads\/2022\/02\/20211220115316_14875-1.jpg 1000w\" sizes=\"(max-width: 768px) 100vw, 768px\" \/>\t\t\t\t\t\t\t\t\t\t\t\t\t\t\t<\/div>\n\t\t\t\t<\/div>\n\t\t\t\t<div class=\"elementor-element elementor-element-23e2cab elementor-widget elementor-widget-text-editor\" data-id=\"23e2cab\" data-element_type=\"widget\" data-e-type=\"widget\" data-settings=\"{&quot;ekit_we_effect_on&quot;:&quot;none&quot;}\" data-widget_type=\"text-editor.default\">\n\t\t\t\t<div class=\"elementor-widget-container\">\n\t\t\t\t\t\t\t\t\t<p><span id=\"p57\">LED walls are generally installed for advertising, in malls, in any area open to the public\u00a0<span id=\"p56\">(nightclubs, restaurants, cinemas, museums, etc)<\/span>\u00a0in short, in all the businesses wanting to advertise.<\/span><\/p><p><span id=\"p55\">For the installation, YNOVA takes care of everything.<\/span><span id=\"p47\">\u00a0<\/span><\/p>\t\t\t\t\t\t\t\t<\/div>\n\t\t\t\t<\/div>\n\t\t\t\t<div class=\"elementor-element elementor-element-0455c3f elementor-align-left elementor-widget elementor-widget-button\" data-id=\"0455c3f\" data-element_type=\"widget\" data-e-type=\"widget\" data-settings=\"{&quot;ekit_we_effect_on&quot;:&quot;none&quot;}\" data-widget_type=\"button.default\">\n\t\t\t\t<div class=\"elementor-widget-container\">\n\t\t\t\t\t\t\t\t\t<div class=\"elementor-button-wrapper\">\n\t\t\t\t\t<a class=\"elementor-button elementor-button-link elementor-size-sm\" href=\"https:\/\/www.ynova.be\/en\/devis\/\">\n\t\t\t\t\t\t<span class=\"elementor-button-content-wrapper\">\n\t\t\t\t\t\t\t\t\t<span class=\"elementor-button-text\">Ask for a quotation <\/span>\n\t\t\t\t\t<\/span>\n\t\t\t\t\t<\/a>\n\t\t\t\t<\/div>\n\t\t\t\t\t\t\t\t<\/div>\n\t\t\t\t<\/div>\n\t\t\t\t\t<\/div>\n\t\t<\/div>\n\t\t\t\t\t<\/div>\n\t\t<\/section>\n\t\t\t\t<\/div>","protected":false},"excerpt":{"rendered":"<p>Cliquer ici \u00c9cran LED ext\u00e9rieur Demander un devis gratuit ! YNOVA vous accompagnent dans votre transformation digitale. Contactez-nous pour recevoir une offre compl\u00e8te et adapt\u00e9e \u00e0 vos besoins. devis Affichages LED ext\u00e9rieurs Les \u00e9crans LED\u00a0sont des \u00e9crans\u00a0grand format\u00a0bas\u00e9s sur\u00a0la technologie LED compos\u00e9s de plusieurs armoires capables de reproduire des images statiques ou n&rsquo;importe quel format [&hellip;]<\/p>\n","protected":false},"author":155,"featured_media":22120,"parent":0,"menu_order":0,"comment_status":"closed","ping_status":"closed","template":"elementor_header_footer","meta":{"_acf_changed":false,"footnotes":""},"class_list":["post-19542","page","type-page","status-publish","has-post-thumbnail","hentry"],"acf":[],"_links":{"self":[{"href":"https:\/\/www.ynova.be\/en\/wp-json\/wp\/v2\/pages\/19542","targetHints":{"allow":["GET"]}}],"collection":[{"href":"https:\/\/www.ynova.be\/en\/wp-json\/wp\/v2\/pages"}],"about":[{"href":"https:\/\/www.ynova.be\/en\/wp-json\/wp\/v2\/types\/page"}],"author":[{"embeddable":true,"href":"https:\/\/www.ynova.be\/en\/wp-json\/wp\/v2\/users\/155"}],"replies":[{"embeddable":true,"href":"https:\/\/www.ynova.be\/en\/wp-json\/wp\/v2\/comments?post=19542"}],"version-history":[{"count":6,"href":"https:\/\/www.ynova.be\/en\/wp-json\/wp\/v2\/pages\/19542\/revisions"}],"predecessor-version":[{"id":38390,"href":"https:\/\/www.ynova.be\/en\/wp-json\/wp\/v2\/pages\/19542\/revisions\/38390"}],"wp:featuredmedia":[{"embeddable":true,"href":"https:\/\/www.ynova.be\/en\/wp-json\/wp\/v2\/media\/22120"}],"wp:attachment":[{"href":"https:\/\/www.ynova.be\/en\/wp-json\/wp\/v2\/media?parent=19542"}],"curies":[{"name":"wp","href":"https:\/\/api.w.org\/{rel}","templated":true}]}}