{"id":16964,"date":"2022-01-18T15:52:59","date_gmt":"2022-01-18T14:52:59","guid":{"rendered":"https:\/\/www.ynova.be\/?page_id=16964"},"modified":"2025-02-27T22:58:05","modified_gmt":"2025-02-27T21:58:05","slug":"multi-tactiles-td","status":"publish","type":"page","link":"https:\/\/www.ynova.be\/en\/multi-tactiles-td\/","title":{"rendered":"Multi-Touch (TD)"},"content":{"rendered":"<div data-elementor-type=\"wp-page\" data-elementor-id=\"16964\" class=\"elementor elementor-16964\" data-elementor-post-type=\"page\">\n\t\t\t\t\t\t<section class=\"elementor-section elementor-top-section elementor-element elementor-element-59132cf elementor-section-full_width elementor-section-height-default elementor-section-height-default\" data-id=\"59132cf\" data-element_type=\"section\" data-e-type=\"section\" data-settings=\"{&quot;ekit_has_onepagescroll_dot&quot;:&quot;yes&quot;}\">\n\t\t\t\t\t\t<div class=\"elementor-container elementor-column-gap-no\">\n\t\t\t\t\t<div class=\"elementor-column elementor-col-100 elementor-top-column elementor-element elementor-element-cb61d0d\" data-id=\"cb61d0d\" data-element_type=\"column\" data-e-type=\"column\">\n\t\t\t<div class=\"elementor-widget-wrap elementor-element-populated\">\n\t\t\t\t\t\t<div class=\"elementor-element elementor-element-a49e646 elementor--h-position-center elementor--v-position-middle elementor-widget elementor-widget-slides\" data-id=\"a49e646\" data-element_type=\"widget\" data-e-type=\"widget\" data-settings=\"{&quot;navigation&quot;:&quot;none&quot;,&quot;autoplay&quot;:&quot;yes&quot;,&quot;pause_on_hover&quot;:&quot;yes&quot;,&quot;pause_on_interaction&quot;:&quot;yes&quot;,&quot;autoplay_speed&quot;:5000,&quot;infinite&quot;:&quot;yes&quot;,&quot;transition&quot;:&quot;slide&quot;,&quot;transition_speed&quot;:500,&quot;ekit_we_effect_on&quot;:&quot;none&quot;}\" data-widget_type=\"slides.default\">\n\t\t\t\t<div class=\"elementor-widget-container\">\n\t\t\t\t\t\t\t\t\t<div class=\"elementor-swiper\">\n\t\t\t\t\t<div class=\"elementor-slides-wrapper elementor-main-swiper swiper\" role=\"region\" aria-roledescription=\"carousel\" aria-label=\"Diapositives\" dir=\"ltr\" data-animation=\"fadeInUp\">\n\t\t\t\t<div class=\"swiper-wrapper elementor-slides\">\n\t\t\t\t\t\t\t\t\t\t<div class=\"elementor-repeater-item-b9f9340 swiper-slide\" role=\"group\" aria-roledescription=\"slide\"><div class=\"swiper-slide-bg\" role=\"img\" aria-label=\"10-Eye Care_pc\"><\/div><div class=\"swiper-slide-inner\" ><div class=\"swiper-slide-contents\"><\/div><\/div><\/div><div class=\"elementor-repeater-item-86c18c0 swiper-slide\" role=\"group\" aria-roledescription=\"slide\"><div class=\"swiper-slide-bg\" role=\"img\" aria-label=\"vp56-rc2-E2\"><\/div><div class=\"swiper-slide-inner\" ><div class=\"swiper-slide-contents\"><\/div><\/div><\/div><div class=\"elementor-repeater-item-377393b swiper-slide\" role=\"group\" aria-roledescription=\"slide\"><div class=\"swiper-slide-bg\" role=\"img\" aria-label=\"Dynamic Contrast Ratio\"><\/div><div class=\"swiper-slide-inner\" ><div class=\"swiper-slide-contents\"><\/div><\/div><\/div>\t\t\t\t<\/div>\n\t\t\t\t\t\t\t\t\t\t\t\t\t\t\t\t\t\t\t\t\t<\/div>\n\t\t\t\t<\/div>\n\t\t\t\t\t\t\t\t<\/div>\n\t\t\t\t<\/div>\n\t\t\t\t\t<\/div>\n\t\t<\/div>\n\t\t\t\t\t<\/div>\n\t\t<\/section>\n\t\t\t\t<section class=\"elementor-section elementor-top-section elementor-element elementor-element-f9cca57 elementor-section-boxed elementor-section-height-default elementor-section-height-default\" data-id=\"f9cca57\" data-element_type=\"section\" data-e-type=\"section\" data-settings=\"{&quot;ekit_has_onepagescroll_dot&quot;:&quot;yes&quot;}\">\n\t\t\t\t\t\t<div class=\"elementor-container elementor-column-gap-default\">\n\t\t\t\t\t<div class=\"elementor-column elementor-col-100 elementor-top-column elementor-element elementor-element-bcde2df\" data-id=\"bcde2df\" data-element_type=\"column\" data-e-type=\"column\">\n\t\t\t<div class=\"elementor-widget-wrap elementor-element-populated\">\n\t\t\t\t\t\t<div class=\"elementor-element elementor-element-60c4e44 elementor-widget elementor-widget-text-editor\" data-id=\"60c4e44\" data-element_type=\"widget\" data-e-type=\"widget\" data-settings=\"{&quot;ekit_we_effect_on&quot;:&quot;none&quot;}\" data-widget_type=\"text-editor.default\">\n\t\t\t\t<div class=\"elementor-widget-container\">\n\t\t\t\t\t\t\t\t\t<h1>TOUCH SCREENS<\/h1><h2 class=\"pb-1 pb-lg-3\">Productivity at your fingertips<\/h2>\t\t\t\t\t\t\t\t<\/div>\n\t\t\t\t<\/div>\n\t\t\t\t<div class=\"elementor-element elementor-element-9469ea8 elementor-widget elementor-widget-image\" data-id=\"9469ea8\" data-element_type=\"widget\" data-e-type=\"widget\" data-settings=\"{&quot;ekit_we_effect_on&quot;:&quot;none&quot;}\" data-widget_type=\"image.default\">\n\t\t\t\t<div class=\"elementor-widget-container\">\n\t\t\t\t\t\t\t\t\t\t\t\t\t\t\t<img fetchpriority=\"high\" decoding=\"async\" width=\"800\" height=\"450\" src=\"https:\/\/www.ynova.be\/wp-content\/uploads\/2022\/02\/VS_VB-STND_FAMILY-1024x576.webp\" class=\"attachment-large size-large wp-image-20093\" alt=\"\u00c9CRANS TACTILES\" srcset=\"https:\/\/www.ynova.be\/wp-content\/uploads\/2022\/02\/VS_VB-STND_FAMILY-1024x576.webp 1024w, https:\/\/www.ynova.be\/wp-content\/uploads\/2022\/02\/VS_VB-STND_FAMILY-350x197.webp 350w, https:\/\/www.ynova.be\/wp-content\/uploads\/2022\/02\/VS_VB-STND_FAMILY-64x36.webp 64w, https:\/\/www.ynova.be\/wp-content\/uploads\/2022\/02\/VS_VB-STND_FAMILY-300x169.webp 300w, https:\/\/www.ynova.be\/wp-content\/uploads\/2022\/02\/VS_VB-STND_FAMILY-768x432.webp 768w, https:\/\/www.ynova.be\/wp-content\/uploads\/2022\/02\/VS_VB-STND_FAMILY-600x338.webp 600w, https:\/\/www.ynova.be\/wp-content\/uploads\/2022\/02\/VS_VB-STND_FAMILY.webp 1248w\" sizes=\"(max-width: 800px) 100vw, 800px\" \/>\t\t\t\t\t\t\t\t\t\t\t\t\t\t\t<\/div>\n\t\t\t\t<\/div>\n\t\t\t\t<div class=\"elementor-element elementor-element-20eb7c9 elementor-widget elementor-widget-text-editor\" data-id=\"20eb7c9\" data-element_type=\"widget\" data-e-type=\"widget\" data-settings=\"{&quot;ekit_we_effect_on&quot;:&quot;none&quot;}\" data-widget_type=\"text-editor.default\">\n\t\t\t\t<div class=\"elementor-widget-container\">\n\t\t\t\t\t\t\t\t\t<p>Touch screens ViewSonic is designed to integrate seamlessly into your work environment.<\/p><p>With a compact footprint and a sleek design, touch screens ViewSonic are perfectly suited for point of sale and information, signage and hospitality.<\/p>\t\t\t\t\t\t\t\t<\/div>\n\t\t\t\t<\/div>\n\t\t\t\t<div class=\"elementor-element elementor-element-d5dd25f elementor-widget elementor-widget-text-editor\" data-id=\"d5dd25f\" data-element_type=\"widget\" data-e-type=\"widget\" data-settings=\"{&quot;ekit_we_effect_on&quot;:&quot;none&quot;}\" data-widget_type=\"text-editor.default\">\n\t\t\t\t<div class=\"elementor-widget-container\">\n\t\t\t\t\t\t\t\t\t<h2 class=\"pb-1 pb-lg-3\">Technology-resistive touch<\/h2>\t\t\t\t\t\t\t\t<\/div>\n\t\t\t\t<\/div>\n\t\t\t\t<div class=\"elementor-element elementor-element-177e57c elementor-widget elementor-widget-image\" data-id=\"177e57c\" data-element_type=\"widget\" data-e-type=\"widget\" data-settings=\"{&quot;ekit_we_effect_on&quot;:&quot;none&quot;}\" data-widget_type=\"image.default\">\n\t\t\t\t<div class=\"elementor-widget-container\">\n\t\t\t\t\t\t\t\t\t\t\t\t\t\t\t<img decoding=\"async\" width=\"800\" height=\"542\" src=\"https:\/\/www.ynova.be\/wp-content\/uploads\/2022\/02\/resistive.webp\" class=\"attachment-large size-large wp-image-21595\" alt=\"\u00c9CRANS TACTILES\" srcset=\"https:\/\/www.ynova.be\/wp-content\/uploads\/2022\/02\/resistive.webp 903w, https:\/\/www.ynova.be\/wp-content\/uploads\/2022\/02\/resistive-350x237.webp 350w, https:\/\/www.ynova.be\/wp-content\/uploads\/2022\/02\/resistive-64x43.webp 64w, https:\/\/www.ynova.be\/wp-content\/uploads\/2022\/02\/resistive-250x169.webp 250w, https:\/\/www.ynova.be\/wp-content\/uploads\/2022\/02\/resistive-768x521.webp 768w, https:\/\/www.ynova.be\/wp-content\/uploads\/2022\/02\/resistive-600x407.webp 600w\" sizes=\"(max-width: 800px) 100vw, 800px\" \/>\t\t\t\t\t\t\t\t\t\t\t\t\t\t\t<\/div>\n\t\t\t\t<\/div>\n\t\t\t\t<div class=\"elementor-element elementor-element-0153ed8 elementor-widget elementor-widget-text-editor\" data-id=\"0153ed8\" data-element_type=\"widget\" data-e-type=\"widget\" data-settings=\"{&quot;ekit_we_effect_on&quot;:&quot;none&quot;}\" data-widget_type=\"text-editor.default\">\n\t\t\t\t<div class=\"elementor-widget-container\">\n\t\t\t\t\t\t\t\t\t<p style=\"text-align: left;\">Resistive touch screens are made up of two layers, with a thin metal film conductor and separated by a tiny layer of air. When pressure is applied on the surface of the touchscreen, the two sheets are in contact, closing the circuit.<\/p><p>\u00a0<\/p>\t\t\t\t\t\t\t\t<\/div>\n\t\t\t\t<\/div>\n\t\t\t\t<div class=\"elementor-element elementor-element-aeb8d37 elementor-widget elementor-widget-text-editor\" data-id=\"aeb8d37\" data-element_type=\"widget\" data-e-type=\"widget\" data-settings=\"{&quot;ekit_we_effect_on&quot;:&quot;none&quot;}\" data-widget_type=\"text-editor.default\">\n\t\t\t\t<div class=\"elementor-widget-container\">\n\t\t\t\t\t\t\t\t\t<h2 class=\"pb-1 pb-lg-3\">The optical touch technology<\/h2>\t\t\t\t\t\t\t\t<\/div>\n\t\t\t\t<\/div>\n\t\t\t\t<div class=\"elementor-element elementor-element-711665b elementor-widget elementor-widget-image\" data-id=\"711665b\" data-element_type=\"widget\" data-e-type=\"widget\" data-settings=\"{&quot;ekit_we_effect_on&quot;:&quot;none&quot;}\" data-widget_type=\"image.default\">\n\t\t\t\t<div class=\"elementor-widget-container\">\n\t\t\t\t\t\t\t\t\t\t\t\t\t\t\t<img decoding=\"async\" width=\"800\" height=\"542\" src=\"https:\/\/www.ynova.be\/wp-content\/uploads\/2022\/02\/optical.webp\" class=\"attachment-large size-large wp-image-21596\" alt=\"\u00c9CRANS TACTILES\" srcset=\"https:\/\/www.ynova.be\/wp-content\/uploads\/2022\/02\/optical.webp 838w, https:\/\/www.ynova.be\/wp-content\/uploads\/2022\/02\/optical-350x237.webp 350w, https:\/\/www.ynova.be\/wp-content\/uploads\/2022\/02\/optical-64x43.webp 64w, https:\/\/www.ynova.be\/wp-content\/uploads\/2022\/02\/optical-250x169.webp 250w, https:\/\/www.ynova.be\/wp-content\/uploads\/2022\/02\/optical-768x521.webp 768w, https:\/\/www.ynova.be\/wp-content\/uploads\/2022\/02\/optical-600x407.webp 600w\" sizes=\"(max-width: 800px) 100vw, 800px\" \/>\t\t\t\t\t\t\t\t\t\t\t\t\t\t\t<\/div>\n\t\t\t\t<\/div>\n\t\t\t\t<div class=\"elementor-element elementor-element-a04b7af elementor-widget elementor-widget-text-editor\" data-id=\"a04b7af\" data-element_type=\"widget\" data-e-type=\"widget\" data-settings=\"{&quot;ekit_we_effect_on&quot;:&quot;none&quot;}\" data-widget_type=\"text-editor.default\">\n\t\t\t\t<div class=\"elementor-widget-container\">\n\t\t\t\t\t\t\t\t\t<p style=\"text-align: left;\">Touch screens, optical use cameras that scan continuously the touch screen. When an object comes into contact with the touch screen, a part of the light is blocked, and the information of the two sensors and triangulation mathematics are then used to calculate the location of the point of contact.<\/p><p style=\"text-align: left;\">\u2013 Monitors optical touch have high light transmission and, as they use optical sensors, they can be operated with both conductive materials and non-conductive.<\/p>\t\t\t\t\t\t\t\t<\/div>\n\t\t\t\t<\/div>\n\t\t\t\t<div class=\"elementor-element elementor-element-b96d06d e-transform elementor-widget elementor-widget-video\" data-id=\"b96d06d\" data-element_type=\"widget\" data-e-type=\"widget\" data-settings=\"{&quot;_transform_scale_effect&quot;:{&quot;unit&quot;:&quot;px&quot;,&quot;size&quot;:0,&quot;sizes&quot;:[]},&quot;video_type&quot;:&quot;hosted&quot;,&quot;start&quot;:1,&quot;controls&quot;:&quot;yes&quot;,&quot;ekit_we_effect_on&quot;:&quot;none&quot;,&quot;_transform_scale_effect_tablet&quot;:{&quot;unit&quot;:&quot;px&quot;,&quot;size&quot;:&quot;&quot;,&quot;sizes&quot;:[]},&quot;_transform_scale_effect_mobile&quot;:{&quot;unit&quot;:&quot;px&quot;,&quot;size&quot;:&quot;&quot;,&quot;sizes&quot;:[]}}\" data-widget_type=\"video.default\">\n\t\t\t\t<div class=\"elementor-widget-container\">\n\t\t\t\t\t\t\t<div class=\"e-hosted-video elementor-wrapper elementor-open-inline\">\n\t\t\t\t\t<video class=\"elementor-video\" src=\"https:\/\/www.ynova.be\/wp-content\/uploads\/2022\/02\/viewsonic_touch_family_displays_2.mp4#t=1\" controls=\"\" preload=\"metadata\" controlslist=\"nodownload\"><\/video>\n\t\t\t\t<\/div>\n\t\t\t\t\t\t<\/div>\n\t\t\t\t<\/div>\n\t\t\t\t<div class=\"elementor-element elementor-element-1234a61 elementor-widget elementor-widget-gallery\" data-id=\"1234a61\" data-element_type=\"widget\" data-e-type=\"widget\" data-settings=\"{&quot;lazyload&quot;:&quot;yes&quot;,&quot;gallery_layout&quot;:&quot;grid&quot;,&quot;columns&quot;:4,&quot;columns_tablet&quot;:2,&quot;columns_mobile&quot;:1,&quot;gap&quot;:{&quot;unit&quot;:&quot;px&quot;,&quot;size&quot;:10,&quot;sizes&quot;:[]},&quot;gap_tablet&quot;:{&quot;unit&quot;:&quot;px&quot;,&quot;size&quot;:10,&quot;sizes&quot;:[]},&quot;gap_mobile&quot;:{&quot;unit&quot;:&quot;px&quot;,&quot;size&quot;:10,&quot;sizes&quot;:[]},&quot;link_to&quot;:&quot;file&quot;,&quot;aspect_ratio&quot;:&quot;3:2&quot;,&quot;overlay_background&quot;:&quot;yes&quot;,&quot;content_hover_animation&quot;:&quot;fade-in&quot;,&quot;ekit_we_effect_on&quot;:&quot;none&quot;}\" data-widget_type=\"gallery.default\">\n\t\t\t\t<div class=\"elementor-widget-container\">\n\t\t\t\t\t\t\t<div class=\"elementor-gallery__container\">\n\t\t\t\t\t\t\t<a class=\"e-gallery-item elementor-gallery-item elementor-animated-content\" href=\"https:\/\/www.ynova.be\/wp-content\/uploads\/2022\/02\/TD2455-Ergonomic-design_pc.jpg\" data-elementor-open-lightbox=\"yes\" data-elementor-lightbox-slideshow=\"1234a61\" data-elementor-lightbox-title=\"TD2455-Ergonomic design_pc\" data-e-action-hash=\"#elementor-action%3Aaction%3Dlightbox%26settings%3DeyJpZCI6MjE1OTgsInVybCI6Imh0dHBzOlwvXC93d3cueW5vdmEuYmVcL3dwLWNvbnRlbnRcL3VwbG9hZHNcLzIwMjJcLzAyXC9URDI0NTUtRXJnb25vbWljLWRlc2lnbl9wYy5qcGciLCJzbGlkZXNob3ciOiIxMjM0YTYxIn0%3D\">\n\t\t\t\t\t<div class=\"e-gallery-image elementor-gallery-item__image\" data-thumbnail=\"https:\/\/www.ynova.be\/wp-content\/uploads\/2022\/02\/TD2455-Ergonomic-design_pc-250x110.jpg\" data-width=\"250\" data-height=\"110\" aria-label=\"\" role=\"img\" ><\/div>\n\t\t\t\t\t\t\t\t\t\t\t<div class=\"elementor-gallery-item__overlay\"><\/div>\n\t\t\t\t\t\t\t\t\t\t\t\t\t\t<\/a>\n\t\t\t\t\t\t\t<a class=\"e-gallery-item elementor-gallery-item elementor-animated-content\" href=\"https:\/\/www.ynova.be\/wp-content\/uploads\/2022\/02\/07-USB-Type-C-TD2455-std_pc.jpg\" data-elementor-open-lightbox=\"yes\" data-elementor-lightbox-slideshow=\"1234a61\" data-elementor-lightbox-title=\"07-USB Type-C-TD2455-std_pc\" data-e-action-hash=\"#elementor-action%3Aaction%3Dlightbox%26settings%3DeyJpZCI6MjE1OTksInVybCI6Imh0dHBzOlwvXC93d3cueW5vdmEuYmVcL3dwLWNvbnRlbnRcL3VwbG9hZHNcLzIwMjJcLzAyXC8wNy1VU0ItVHlwZS1DLVREMjQ1NS1zdGRfcGMuanBnIiwic2xpZGVzaG93IjoiMTIzNGE2MSJ9\">\n\t\t\t\t\t<div class=\"e-gallery-image elementor-gallery-item__image\" data-thumbnail=\"https:\/\/www.ynova.be\/wp-content\/uploads\/2022\/02\/07-USB-Type-C-TD2455-std_pc-250x189.jpg\" data-width=\"250\" data-height=\"189\" aria-label=\"\" role=\"img\" ><\/div>\n\t\t\t\t\t\t\t\t\t\t\t<div class=\"elementor-gallery-item__overlay\"><\/div>\n\t\t\t\t\t\t\t\t\t\t\t\t\t\t<\/a>\n\t\t\t\t\t\t\t<a class=\"e-gallery-item elementor-gallery-item elementor-animated-content\" href=\"https:\/\/www.ynova.be\/wp-content\/uploads\/2022\/02\/04-Touch-Experience_pc.jpg\" data-elementor-open-lightbox=\"yes\" data-elementor-lightbox-slideshow=\"1234a61\" data-elementor-lightbox-title=\"04-Touch Experience_pc\" data-e-action-hash=\"#elementor-action%3Aaction%3Dlightbox%26settings%3DeyJpZCI6MjE2MDAsInVybCI6Imh0dHBzOlwvXC93d3cueW5vdmEuYmVcL3dwLWNvbnRlbnRcL3VwbG9hZHNcLzIwMjJcLzAyXC8wNC1Ub3VjaC1FeHBlcmllbmNlX3BjLmpwZyIsInNsaWRlc2hvdyI6IjEyMzRhNjEifQ%3D%3D\">\n\t\t\t\t\t<div class=\"e-gallery-image elementor-gallery-item__image\" data-thumbnail=\"https:\/\/www.ynova.be\/wp-content\/uploads\/2022\/02\/04-Touch-Experience_pc-250x127.jpg\" data-width=\"250\" data-height=\"127\" aria-label=\"\" role=\"img\" ><\/div>\n\t\t\t\t\t\t\t\t\t\t\t<div class=\"elementor-gallery-item__overlay\"><\/div>\n\t\t\t\t\t\t\t\t\t\t\t\t\t\t<\/a>\n\t\t\t\t\t\t\t<a class=\"e-gallery-item elementor-gallery-item elementor-animated-content\" href=\"https:\/\/www.ynova.be\/wp-content\/uploads\/2022\/02\/03-TD2455-Magnetic-Base-1128_pc.jpg\" data-elementor-open-lightbox=\"yes\" data-elementor-lightbox-slideshow=\"1234a61\" data-elementor-lightbox-title=\"03-TD2455-Magnetic Base-1128_pc\" data-e-action-hash=\"#elementor-action%3Aaction%3Dlightbox%26settings%3DeyJpZCI6MjE2MDEsInVybCI6Imh0dHBzOlwvXC93d3cueW5vdmEuYmVcL3dwLWNvbnRlbnRcL3VwbG9hZHNcLzIwMjJcLzAyXC8wMy1URDI0NTUtTWFnbmV0aWMtQmFzZS0xMTI4X3BjLmpwZyIsInNsaWRlc2hvdyI6IjEyMzRhNjEifQ%3D%3D\">\n\t\t\t\t\t<div class=\"e-gallery-image elementor-gallery-item__image\" data-thumbnail=\"https:\/\/www.ynova.be\/wp-content\/uploads\/2022\/02\/03-TD2455-Magnetic-Base-1128_pc-250x166.jpg\" data-width=\"250\" data-height=\"166\" aria-label=\"\" role=\"img\" ><\/div>\n\t\t\t\t\t\t\t\t\t\t\t<div class=\"elementor-gallery-item__overlay\"><\/div>\n\t\t\t\t\t\t\t\t\t\t\t\t\t\t<\/a>\n\t\t\t\t\t<\/div>\n\t\t\t\t\t<\/div>\n\t\t\t\t<\/div>\n\t\t\t\t<div class=\"elementor-element elementor-element-73721db elementor-widget elementor-widget-text-editor\" data-id=\"73721db\" data-element_type=\"widget\" data-e-type=\"widget\" data-settings=\"{&quot;ekit_we_effect_on&quot;:&quot;none&quot;}\" data-widget_type=\"text-editor.default\">\n\t\t\t\t<div class=\"elementor-widget-container\">\n\t\t\t\t\t\t\t\t\t<h2 class=\"pb-1 pb-lg-3\">THE CAPACITIVE TOUCH TECHNOLOGY<\/h2>\t\t\t\t\t\t\t\t<\/div>\n\t\t\t\t<\/div>\n\t\t\t\t<div class=\"elementor-element elementor-element-269cb08 elementor-widget elementor-widget-image\" data-id=\"269cb08\" data-element_type=\"widget\" data-e-type=\"widget\" data-settings=\"{&quot;ekit_we_effect_on&quot;:&quot;none&quot;}\" data-widget_type=\"image.default\">\n\t\t\t\t<div class=\"elementor-widget-container\">\n\t\t\t\t\t\t\t\t\t\t\t\t\t\t\t<img loading=\"lazy\" decoding=\"async\" width=\"800\" height=\"542\" src=\"https:\/\/www.ynova.be\/wp-content\/uploads\/2022\/02\/capacitive.webp\" class=\"attachment-large size-large wp-image-21602\" alt=\"\u00c9CRANS TACTILES\" srcset=\"https:\/\/www.ynova.be\/wp-content\/uploads\/2022\/02\/capacitive.webp 903w, https:\/\/www.ynova.be\/wp-content\/uploads\/2022\/02\/capacitive-350x237.webp 350w, https:\/\/www.ynova.be\/wp-content\/uploads\/2022\/02\/capacitive-64x43.webp 64w, https:\/\/www.ynova.be\/wp-content\/uploads\/2022\/02\/capacitive-250x169.webp 250w, https:\/\/www.ynova.be\/wp-content\/uploads\/2022\/02\/capacitive-768x521.webp 768w, https:\/\/www.ynova.be\/wp-content\/uploads\/2022\/02\/capacitive-600x407.webp 600w\" sizes=\"(max-width: 800px) 100vw, 800px\" \/>\t\t\t\t\t\t\t\t\t\t\t\t\t\t\t<\/div>\n\t\t\t\t<\/div>\n\t\t\t\t<div class=\"elementor-element elementor-element-396632d elementor-widget elementor-widget-text-editor\" data-id=\"396632d\" data-element_type=\"widget\" data-e-type=\"widget\" data-settings=\"{&quot;ekit_we_effect_on&quot;:&quot;none&quot;}\" data-widget_type=\"text-editor.default\">\n\t\t\t\t<div class=\"elementor-widget-container\">\n\t\t\t\t\t\t\t\t\t<p style=\"text-align: left;\">The capacitive touch screen is covered with a film transparent conductor, who can use the conductivity of the human body as a carrier for entry when it is touched with the fingertips. Most smartphones and terminals location indoor use capacitive touch screens electrostatic.<\/p>\t\t\t\t\t\t\t\t<\/div>\n\t\t\t\t<\/div>\n\t\t\t\t\t<\/div>\n\t\t<\/div>\n\t\t\t\t\t<\/div>\n\t\t<\/section>\n\t\t\t\t<footer class=\"elementor-section elementor-top-section elementor-element elementor-element-09e1460 elementor-section-height-min-height elementor-section-content-middle elementor-section-boxed elementor-section-height-default elementor-section-items-middle\" data-id=\"09e1460\" data-element_type=\"section\" data-e-type=\"section\" data-settings=\"{&quot;background_background&quot;:&quot;classic&quot;,&quot;ekit_has_onepagescroll_dot&quot;:&quot;yes&quot;}\">\n\t\t\t\t\t\t<div class=\"elementor-container elementor-column-gap-default\">\n\t\t\t\t\t<div class=\"elementor-column elementor-col-50 elementor-top-column elementor-element elementor-element-e404a9c\" data-id=\"e404a9c\" data-element_type=\"column\" data-e-type=\"column\">\n\t\t\t<div class=\"elementor-widget-wrap elementor-element-populated\">\n\t\t\t\t\t\t<div class=\"elementor-element elementor-element-9f1352e elementor-widget elementor-widget-image\" data-id=\"9f1352e\" data-element_type=\"widget\" data-e-type=\"widget\" data-settings=\"{&quot;ekit_we_effect_on&quot;:&quot;none&quot;}\" data-widget_type=\"image.default\">\n\t\t\t\t<div class=\"elementor-widget-container\">\n\t\t\t\t\t\t\t\t\t\t\t\t\t\t\t<img loading=\"lazy\" decoding=\"async\" width=\"166\" height=\"169\" src=\"https:\/\/www.ynova.be\/wp-content\/uploads\/2022\/01\/logo-ynova-2.png\" class=\"attachment-large size-large wp-image-17146\" alt=\"contact\" srcset=\"https:\/\/www.ynova.be\/wp-content\/uploads\/2022\/01\/logo-ynova-2.png 166w, https:\/\/www.ynova.be\/wp-content\/uploads\/2022\/01\/logo-ynova-2-64x65.png 64w\" sizes=\"(max-width: 166px) 100vw, 166px\" \/>\t\t\t\t\t\t\t\t\t\t\t\t\t\t\t<\/div>\n\t\t\t\t<\/div>\n\t\t\t\t\t<\/div>\n\t\t<\/div>\n\t\t\t\t<div class=\"elementor-column elementor-col-50 elementor-top-column elementor-element elementor-element-d8f37f4\" data-id=\"d8f37f4\" data-element_type=\"column\" data-e-type=\"column\">\n\t\t\t<div class=\"elementor-widget-wrap elementor-element-populated\">\n\t\t\t\t\t\t<div class=\"elementor-element elementor-element-104e0aa e-grid-align-right e-grid-align-mobile-center elementor-shape-rounded elementor-grid-0 elementor-widget elementor-widget-social-icons\" data-id=\"104e0aa\" data-element_type=\"widget\" data-e-type=\"widget\" data-settings=\"{&quot;ekit_we_effect_on&quot;:&quot;none&quot;}\" data-widget_type=\"social-icons.default\">\n\t\t\t\t<div class=\"elementor-widget-container\">\n\t\t\t\t\t\t\t<div class=\"elementor-social-icons-wrapper elementor-grid\" role=\"list\">\n\t\t\t\t\t\t\t<span class=\"elementor-grid-item\" role=\"listitem\">\n\t\t\t\t\t<a class=\"elementor-icon elementor-social-icon elementor-social-icon-facebook-f elementor-repeater-item-993ef04\" href=\"https:\/\/www.facebook.com\/www.ynova.be\/\" target=\"_blank\">\n\t\t\t\t\t\t<span class=\"elementor-screen-only\">Facebook-f<\/span>\n\t\t\t\t\t\t<i aria-hidden=\"true\" class=\"fab fa-facebook-f\"><\/i>\t\t\t\t\t<\/a>\n\t\t\t\t<\/span>\n\t\t\t\t\t\t\t<span class=\"elementor-grid-item\" role=\"listitem\">\n\t\t\t\t\t<a class=\"elementor-icon elementor-social-icon elementor-social-icon-youtube elementor-repeater-item-f4f16ac\" href=\"https:\/\/www.youtube.com\/c\/YNOVABELGIUMBureaud%C3%A9tudeCharleroi\" target=\"_blank\" rel=\"noopener\">\n\t\t\t\t\t\t<span class=\"elementor-screen-only\">Youtube<\/span>\n\t\t\t\t\t\t<i aria-hidden=\"true\" class=\"fab fa-youtube\"><\/i>\t\t\t\t\t<\/a>\n\t\t\t\t<\/span>\n\t\t\t\t\t\t\t<span class=\"elementor-grid-item\" role=\"listitem\">\n\t\t\t\t\t<a class=\"elementor-icon elementor-social-icon elementor-social-icon-home elementor-repeater-item-68be75d\" href=\"http:\/\/www.ynova.be\/en\/\" target=\"_blank\">\n\t\t\t\t\t\t<span class=\"elementor-screen-only\">Home<\/span>\n\t\t\t\t\t\t<i aria-hidden=\"true\" class=\"fas fa-home\"><\/i>\t\t\t\t\t<\/a>\n\t\t\t\t<\/span>\n\t\t\t\t\t<\/div>\n\t\t\t\t\t\t<\/div>\n\t\t\t\t<\/div>\n\t\t\t\t\t<\/div>\n\t\t<\/div>\n\t\t\t\t\t<\/div>\n\t\t<\/footer>\n\t\t\t\t<\/div>","protected":false},"excerpt":{"rendered":"<p>\u00c9CRANS TACTILES La productivit\u00e9 au bout des doigts Les \u00e9crans tactiles ViewSonic sont con\u00e7us pour s&rsquo;int\u00e9grer harmonieusement dans votre environnement de travail. Avec un format compact et un design \u00e9pur\u00e9, les \u00e9crans tactiles ViewSonic sont parfaitement adapt\u00e9s aux points de vente et d&rsquo;information, \u00e0 l&rsquo;affichage et \u00e0 l&rsquo;h\u00f4tellerie. Technologie tactile r\u00e9sistive Les \u00e9crans tactiles r\u00e9sistifs [&hellip;]<\/p>\n","protected":false},"author":155,"featured_media":0,"parent":0,"menu_order":0,"comment_status":"closed","ping_status":"closed","template":"elementor_header_footer","meta":{"_acf_changed":false,"footnotes":""},"class_list":["post-16964","page","type-page","status-publish","hentry"],"acf":[],"_links":{"self":[{"href":"https:\/\/www.ynova.be\/en\/wp-json\/wp\/v2\/pages\/16964","targetHints":{"allow":["GET"]}}],"collection":[{"href":"https:\/\/www.ynova.be\/en\/wp-json\/wp\/v2\/pages"}],"about":[{"href":"https:\/\/www.ynova.be\/en\/wp-json\/wp\/v2\/types\/page"}],"author":[{"embeddable":true,"href":"https:\/\/www.ynova.be\/en\/wp-json\/wp\/v2\/users\/155"}],"replies":[{"embeddable":true,"href":"https:\/\/www.ynova.be\/en\/wp-json\/wp\/v2\/comments?post=16964"}],"version-history":[{"count":0,"href":"https:\/\/www.ynova.be\/en\/wp-json\/wp\/v2\/pages\/16964\/revisions"}],"wp:attachment":[{"href":"https:\/\/www.ynova.be\/en\/wp-json\/wp\/v2\/media?parent=16964"}],"curies":[{"name":"wp","href":"https:\/\/api.w.org\/{rel}","templated":true}]}}