{"id":16947,"date":"2022-01-18T15:27:40","date_gmt":"2022-01-18T14:27:40","guid":{"rendered":"https:\/\/www.ynova.be\/?page_id=16947"},"modified":"2025-02-27T22:42:48","modified_gmt":"2025-02-27T21:42:48","slug":"pc-embarque","status":"publish","type":"page","link":"https:\/\/www.ynova.be\/en\/pc-embarque\/","title":{"rendered":"Embedded PC"},"content":{"rendered":"<div data-elementor-type=\"wp-page\" data-elementor-id=\"16947\" class=\"elementor elementor-16947\" data-elementor-post-type=\"page\">\n\t\t\t\t\t\t<section class=\"elementor-section elementor-top-section elementor-element elementor-element-3390653 elementor-section-full_width elementor-section-height-default elementor-section-height-default\" data-id=\"3390653\" data-element_type=\"section\" data-e-type=\"section\" data-settings=\"{&quot;ekit_has_onepagescroll_dot&quot;:&quot;yes&quot;}\">\n\t\t\t\t\t\t<div class=\"elementor-container elementor-column-gap-no\">\n\t\t\t\t\t<div class=\"elementor-column elementor-col-100 elementor-top-column elementor-element elementor-element-fdecae5\" data-id=\"fdecae5\" data-element_type=\"column\" data-e-type=\"column\">\n\t\t\t<div class=\"elementor-widget-wrap elementor-element-populated\">\n\t\t\t\t\t\t<div class=\"elementor-element elementor-element-c539d50 elementor--h-position-center elementor--v-position-middle elementor-widget elementor-widget-slides\" data-id=\"c539d50\" data-element_type=\"widget\" data-e-type=\"widget\" data-settings=\"{&quot;navigation&quot;:&quot;none&quot;,&quot;autoplay&quot;:&quot;yes&quot;,&quot;pause_on_hover&quot;:&quot;yes&quot;,&quot;pause_on_interaction&quot;:&quot;yes&quot;,&quot;autoplay_speed&quot;:5000,&quot;infinite&quot;:&quot;yes&quot;,&quot;transition&quot;:&quot;slide&quot;,&quot;transition_speed&quot;:500,&quot;ekit_we_effect_on&quot;:&quot;none&quot;}\" data-widget_type=\"slides.default\">\n\t\t\t\t<div class=\"elementor-widget-container\">\n\t\t\t\t\t\t\t\t\t<div class=\"elementor-swiper\">\n\t\t\t\t\t<div class=\"elementor-slides-wrapper elementor-main-swiper swiper\" role=\"region\" aria-roledescription=\"carousel\" aria-label=\"Diapositives\" dir=\"ltr\" data-animation=\"fadeInUp\">\n\t\t\t\t<div class=\"swiper-wrapper elementor-slides\">\n\t\t\t\t\t\t\t\t\t\t<div class=\"elementor-repeater-item-377393b swiper-slide\" role=\"group\" aria-roledescription=\"slide\"><div class=\"swiper-slide-bg\" role=\"img\" aria-label=\"_whiteboard\"><\/div><div class=\"swiper-slide-inner\" ><div class=\"swiper-slide-contents\"><\/div><\/div><\/div><div class=\"elementor-repeater-item-b9f9340 swiper-slide\" role=\"group\" aria-roledescription=\"slide\"><div class=\"swiper-slide-bg\" role=\"img\" aria-label=\"ViewBoard_LPhdrImage\"><\/div><div class=\"swiper-slide-inner\" ><div class=\"swiper-slide-contents\"><\/div><\/div><\/div><div class=\"elementor-repeater-item-86c18c0 swiper-slide\" role=\"group\" aria-roledescription=\"slide\"><div class=\"swiper-slide-bg\" role=\"img\" aria-label=\"tab-present\"><\/div><div class=\"swiper-slide-inner\" ><div class=\"swiper-slide-contents\"><\/div><\/div><\/div>\t\t\t\t<\/div>\n\t\t\t\t\t\t\t\t\t\t\t\t\t\t\t\t\t\t\t\t\t<\/div>\n\t\t\t\t<\/div>\n\t\t\t\t\t\t\t\t<\/div>\n\t\t\t\t<\/div>\n\t\t\t\t\t<\/div>\n\t\t<\/div>\n\t\t\t\t\t<\/div>\n\t\t<\/section>\n\t\t\t\t<section class=\"elementor-section elementor-top-section elementor-element elementor-element-7c9610e elementor-section-boxed elementor-section-height-default elementor-section-height-default\" data-id=\"7c9610e\" data-element_type=\"section\" data-e-type=\"section\" data-settings=\"{&quot;ekit_has_onepagescroll_dot&quot;:&quot;yes&quot;}\">\n\t\t\t\t\t\t<div class=\"elementor-container elementor-column-gap-default\">\n\t\t\t\t\t<div class=\"elementor-column elementor-col-100 elementor-top-column elementor-element elementor-element-3df0473\" data-id=\"3df0473\" data-element_type=\"column\" data-e-type=\"column\">\n\t\t\t<div class=\"elementor-widget-wrap elementor-element-populated\">\n\t\t\t\t\t\t<div class=\"elementor-element elementor-element-88cea39 elementor-widget elementor-widget-text-editor\" data-id=\"88cea39\" data-element_type=\"widget\" data-e-type=\"widget\" data-settings=\"{&quot;ekit_we_effect_on&quot;:&quot;none&quot;}\" data-widget_type=\"text-editor.default\">\n\t\t\t\t<div class=\"elementor-widget-container\">\n\t\t\t\t\t\t\t\t\t<h1 class=\"pb-1 pb-lg-3\">INTRODUCTION embedded PC<\/h1>\t\t\t\t\t\t\t\t<\/div>\n\t\t\t\t<\/div>\n\t\t\t\t<div class=\"elementor-element elementor-element-4257a08 elementor-widget elementor-widget-text-editor\" data-id=\"4257a08\" data-element_type=\"widget\" data-e-type=\"widget\" data-settings=\"{&quot;ekit_we_effect_on&quot;:&quot;none&quot;}\" data-widget_type=\"text-editor.default\">\n\t\t\t\t<div class=\"elementor-widget-container\">\n\t\t\t\t\t\t\t\t\t<p class=\"upcase\">The Windows rackmount PC is the ideal solution to provide the interactive display with smart whiteboard and connected meeting room functionality.<\/p><p class=\"upcase\">This module rack mount PC is compatible with the audio and high-definition video, and connects easily to compatible displays.<\/p><p class=\"upcase\">Featuring Wi-Fi dual band and Bluetooth, a powerful processor, excellent memory and a <br \/>storage SSD, the PC plug-in can store and play hours and hours of multimedia content <br \/>high definitions. <\/p><p class=\"upcase\">The PC have the necessary computing power to handle applications and resource-intensive.<\/p><p class=\"upcase\">The connectivity options, including Display port 4K HDMI, VGA, USB 3.0, RJ45 Gigabit LAN, you can connect any device.<\/p>\t\t\t\t\t\t\t\t<\/div>\n\t\t\t\t<\/div>\n\t\t\t\t<div class=\"elementor-element elementor-element-5ede4f8 elementor-widget elementor-widget-image\" data-id=\"5ede4f8\" data-element_type=\"widget\" data-e-type=\"widget\" data-settings=\"{&quot;ekit_we_effect_on&quot;:&quot;none&quot;}\" data-widget_type=\"image.default\">\n\t\t\t\t<div class=\"elementor-widget-container\">\n\t\t\t\t\t\t\t\t\t\t\t\t\t\t\t<img fetchpriority=\"high\" decoding=\"async\" width=\"800\" height=\"717\" src=\"https:\/\/www.ynova.be\/wp-content\/uploads\/2022\/02\/ample_storage_450w_6.jpg\" class=\"attachment-large size-large wp-image-21074\" alt=\"\" srcset=\"https:\/\/www.ynova.be\/wp-content\/uploads\/2022\/02\/ample_storage_450w_6.jpg 800w, https:\/\/www.ynova.be\/wp-content\/uploads\/2022\/02\/ample_storage_450w_6-350x314.jpg 350w, https:\/\/www.ynova.be\/wp-content\/uploads\/2022\/02\/ample_storage_450w_6-64x57.jpg 64w, https:\/\/www.ynova.be\/wp-content\/uploads\/2022\/02\/ample_storage_450w_6-250x224.jpg 250w, https:\/\/www.ynova.be\/wp-content\/uploads\/2022\/02\/ample_storage_450w_6-768x688.jpg 768w, https:\/\/www.ynova.be\/wp-content\/uploads\/2022\/02\/ample_storage_450w_6-600x538.jpg 600w\" sizes=\"(max-width: 800px) 100vw, 800px\" \/>\t\t\t\t\t\t\t\t\t\t\t\t\t\t\t<\/div>\n\t\t\t\t<\/div>\n\t\t\t\t<div class=\"elementor-element elementor-element-c638155 elementor-widget elementor-widget-text-editor\" data-id=\"c638155\" data-element_type=\"widget\" data-e-type=\"widget\" data-settings=\"{&quot;ekit_we_effect_on&quot;:&quot;none&quot;}\" data-widget_type=\"text-editor.default\">\n\t\t\t\t<div class=\"elementor-widget-container\">\n\t\t\t\t\t\t\t\t\t<h2>Wireless control complete on-board PC<\/h2><p>The VPC10-WP relies on a 2.4GHz\/5GHz dual-band WiFi network, and is Bluetooth-enabled to give users the convenience and flexibility of full wireless control.<\/p>\t\t\t\t\t\t\t\t<\/div>\n\t\t\t\t<\/div>\n\t\t\t\t<div class=\"elementor-element elementor-element-8e7e687 elementor-widget elementor-widget-image\" data-id=\"8e7e687\" data-element_type=\"widget\" data-e-type=\"widget\" data-settings=\"{&quot;ekit_we_effect_on&quot;:&quot;none&quot;}\" data-widget_type=\"image.default\">\n\t\t\t\t<div class=\"elementor-widget-container\">\n\t\t\t\t\t\t\t\t\t\t\t\t\t\t\t<img decoding=\"async\" width=\"800\" height=\"576\" src=\"https:\/\/www.ynova.be\/wp-content\/uploads\/2022\/02\/output-onlinepngtools.png\" class=\"attachment-large size-large wp-image-21052\" alt=\"\" srcset=\"https:\/\/www.ynova.be\/wp-content\/uploads\/2022\/02\/output-onlinepngtools.png 960w, https:\/\/www.ynova.be\/wp-content\/uploads\/2022\/02\/output-onlinepngtools-350x252.png 350w, https:\/\/www.ynova.be\/wp-content\/uploads\/2022\/02\/output-onlinepngtools-64x46.png 64w, https:\/\/www.ynova.be\/wp-content\/uploads\/2022\/02\/output-onlinepngtools-250x180.png 250w, https:\/\/www.ynova.be\/wp-content\/uploads\/2022\/02\/output-onlinepngtools-768x553.png 768w, https:\/\/www.ynova.be\/wp-content\/uploads\/2022\/02\/output-onlinepngtools-600x432.png 600w\" sizes=\"(max-width: 800px) 100vw, 800px\" \/>\t\t\t\t\t\t\t\t\t\t\t\t\t\t\t<\/div>\n\t\t\t\t<\/div>\n\t\t\t\t<div class=\"elementor-element elementor-element-e78cda5 elementor-widget elementor-widget-text-editor\" data-id=\"e78cda5\" data-element_type=\"widget\" data-e-type=\"widget\" data-settings=\"{&quot;ekit_we_effect_on&quot;:&quot;none&quot;}\" data-widget_type=\"text-editor.default\">\n\t\t\t\t<div class=\"elementor-widget-container\">\n\t\t\t\t\t\t\t\t\t<h2 class=\"pb-1 pb-lg-3\">Processing power of Intel<\/h2><p>The PC take advantage of the expertise of the treatment of Intel<sup>\u00ae<\/sup>\u00a0using an Intel processor<sup>\u00ae<\/sup> Core\u2122 i5 processor which offers the recovery of power requested by the learning environments and businesses at high rates.<\/p>\t\t\t\t\t\t\t\t<\/div>\n\t\t\t\t<\/div>\n\t\t\t\t<div class=\"elementor-element elementor-element-1d27034 elementor-widget elementor-widget-image\" data-id=\"1d27034\" data-element_type=\"widget\" data-e-type=\"widget\" data-settings=\"{&quot;ekit_we_effect_on&quot;:&quot;none&quot;}\" data-widget_type=\"image.default\">\n\t\t\t\t<div class=\"elementor-widget-container\">\n\t\t\t\t\t\t\t\t\t\t\t\t\t\t\t<img decoding=\"async\" width=\"800\" height=\"716\" src=\"https:\/\/www.ynova.be\/wp-content\/uploads\/2022\/02\/output-onlinepngtools-2.png\" class=\"attachment-large size-large wp-image-21072\" alt=\"\" srcset=\"https:\/\/www.ynova.be\/wp-content\/uploads\/2022\/02\/output-onlinepngtools-2.png 800w, https:\/\/www.ynova.be\/wp-content\/uploads\/2022\/02\/output-onlinepngtools-2-350x313.png 350w, https:\/\/www.ynova.be\/wp-content\/uploads\/2022\/02\/output-onlinepngtools-2-64x57.png 64w, https:\/\/www.ynova.be\/wp-content\/uploads\/2022\/02\/output-onlinepngtools-2-250x224.png 250w, https:\/\/www.ynova.be\/wp-content\/uploads\/2022\/02\/output-onlinepngtools-2-768x687.png 768w, https:\/\/www.ynova.be\/wp-content\/uploads\/2022\/02\/output-onlinepngtools-2-600x537.png 600w\" sizes=\"(max-width: 800px) 100vw, 800px\" \/>\t\t\t\t\t\t\t\t\t\t\t\t\t\t\t<\/div>\n\t\t\t\t<\/div>\n\t\t\t\t<div class=\"elementor-element elementor-element-ae5e429 elementor-widget elementor-widget-text-editor\" data-id=\"ae5e429\" data-element_type=\"widget\" data-e-type=\"widget\" data-settings=\"{&quot;ekit_we_effect_on&quot;:&quot;none&quot;}\" data-widget_type=\"text-editor.default\">\n\t\t\t\t<div class=\"elementor-widget-container\">\n\t\t\t\t\t\t\t\t\t<h2>supported operating system Windows 10 Pro<\/h2><p>Supported operating system Windows 10 Pro, this gives you access to all of the best applications of the MS Office suite for business and education. A built-in browser also offers users instant access to the Internet.<\/p>\t\t\t\t\t\t\t\t<\/div>\n\t\t\t\t<\/div>\n\t\t\t\t<div class=\"elementor-element elementor-element-7114de8 elementor-widget elementor-widget-text-editor\" data-id=\"7114de8\" data-element_type=\"widget\" data-e-type=\"widget\" data-settings=\"{&quot;ekit_we_effect_on&quot;:&quot;none&quot;}\" data-widget_type=\"text-editor.default\">\n\t\t\t\t<div class=\"elementor-widget-container\">\n\t\t\t\t\t\t\t\t\t<h2>Relax and improve your performance in the classroom<\/h2><p>Equipped with a control circuit and thermal capabilities of the noise reduction, the fan on the inside of the device will dissipate a lot more heat in a quieter acoustic, less than 35 decibels. For courses that are longer and conducive.<\/p><div class=\"row text-center\"><div class=\"vs-callout\">\u00a0<\/div><\/div>\t\t\t\t\t\t\t\t<\/div>\n\t\t\t\t<\/div>\n\t\t\t\t<div class=\"elementor-element elementor-element-7b5cf47 elementor-widget elementor-widget-image\" data-id=\"7b5cf47\" data-element_type=\"widget\" data-e-type=\"widget\" data-settings=\"{&quot;ekit_we_effect_on&quot;:&quot;none&quot;}\" data-widget_type=\"image.default\">\n\t\t\t\t<div class=\"elementor-widget-container\">\n\t\t\t\t\t\t\t\t\t\t\t\t\t\t\t<img loading=\"lazy\" decoding=\"async\" width=\"624\" height=\"768\" src=\"https:\/\/www.ynova.be\/wp-content\/uploads\/2022\/02\/output-onlinepngtools-1.png\" class=\"attachment-large size-large wp-image-21057\" alt=\"\" srcset=\"https:\/\/www.ynova.be\/wp-content\/uploads\/2022\/02\/output-onlinepngtools-1.png 624w, https:\/\/www.ynova.be\/wp-content\/uploads\/2022\/02\/output-onlinepngtools-1-350x431.png 350w, https:\/\/www.ynova.be\/wp-content\/uploads\/2022\/02\/output-onlinepngtools-1-64x79.png 64w, https:\/\/www.ynova.be\/wp-content\/uploads\/2022\/02\/output-onlinepngtools-1-203x250.png 203w, https:\/\/www.ynova.be\/wp-content\/uploads\/2022\/02\/output-onlinepngtools-1-600x738.png 600w\" sizes=\"(max-width: 624px) 100vw, 624px\" \/>\t\t\t\t\t\t\t\t\t\t\t\t\t\t\t<\/div>\n\t\t\t\t<\/div>\n\t\t\t\t\t<\/div>\n\t\t<\/div>\n\t\t\t\t\t<\/div>\n\t\t<\/section>\n\t\t\t\t<footer class=\"elementor-section elementor-top-section elementor-element elementor-element-227816e elementor-section-height-min-height elementor-section-content-middle elementor-section-boxed elementor-section-height-default elementor-section-items-middle\" data-id=\"227816e\" data-element_type=\"section\" data-e-type=\"section\" data-settings=\"{&quot;background_background&quot;:&quot;classic&quot;,&quot;ekit_has_onepagescroll_dot&quot;:&quot;yes&quot;}\">\n\t\t\t\t\t\t<div class=\"elementor-container elementor-column-gap-default\">\n\t\t\t\t\t<div class=\"elementor-column elementor-col-50 elementor-top-column elementor-element elementor-element-26761c1\" data-id=\"26761c1\" data-element_type=\"column\" data-e-type=\"column\">\n\t\t\t<div class=\"elementor-widget-wrap elementor-element-populated\">\n\t\t\t\t\t\t<div class=\"elementor-element elementor-element-4c76689 elementor-widget elementor-widget-heading\" data-id=\"4c76689\" data-element_type=\"widget\" data-e-type=\"widget\" data-settings=\"{&quot;ekit_we_effect_on&quot;:&quot;none&quot;}\" data-widget_type=\"heading.default\">\n\t\t\t\t<div class=\"elementor-widget-container\">\n\t\t\t\t\t<p class=\"elementor-heading-title elementor-size-default\">YNOVA<\/p>\t\t\t\t<\/div>\n\t\t\t\t<\/div>\n\t\t\t\t\t<\/div>\n\t\t<\/div>\n\t\t\t\t<div class=\"elementor-column elementor-col-50 elementor-top-column elementor-element elementor-element-b0e7cfb\" data-id=\"b0e7cfb\" data-element_type=\"column\" data-e-type=\"column\">\n\t\t\t<div class=\"elementor-widget-wrap elementor-element-populated\">\n\t\t\t\t\t\t<div class=\"elementor-element elementor-element-b8c61e8 e-grid-align-right e-grid-align-mobile-center elementor-shape-rounded elementor-grid-0 elementor-widget elementor-widget-social-icons\" data-id=\"b8c61e8\" data-element_type=\"widget\" data-e-type=\"widget\" data-settings=\"{&quot;ekit_we_effect_on&quot;:&quot;none&quot;}\" data-widget_type=\"social-icons.default\">\n\t\t\t\t<div class=\"elementor-widget-container\">\n\t\t\t\t\t\t\t<div class=\"elementor-social-icons-wrapper elementor-grid\" role=\"list\">\n\t\t\t\t\t\t\t<span class=\"elementor-grid-item\" role=\"listitem\">\n\t\t\t\t\t<a class=\"elementor-icon elementor-social-icon elementor-social-icon-facebook-f elementor-repeater-item-993ef04\" href=\"https:\/\/www.facebook.com\/www.ynova.be\/\" target=\"_blank\">\n\t\t\t\t\t\t<span class=\"elementor-screen-only\">Facebook-f<\/span>\n\t\t\t\t\t\t<i aria-hidden=\"true\" class=\"fab fa-facebook-f\"><\/i>\t\t\t\t\t<\/a>\n\t\t\t\t<\/span>\n\t\t\t\t\t\t\t<span class=\"elementor-grid-item\" role=\"listitem\">\n\t\t\t\t\t<a class=\"elementor-icon elementor-social-icon elementor-social-icon-youtube elementor-repeater-item-f4f16ac\" href=\"https:\/\/www.youtube.com\/c\/YNOVABELGIUMBureaud%C3%A9tudeCharleroi\" target=\"_blank\" rel=\"noopener\">\n\t\t\t\t\t\t<span class=\"elementor-screen-only\">Youtube<\/span>\n\t\t\t\t\t\t<i aria-hidden=\"true\" class=\"fab fa-youtube\"><\/i>\t\t\t\t\t<\/a>\n\t\t\t\t<\/span>\n\t\t\t\t\t<\/div>\n\t\t\t\t\t\t<\/div>\n\t\t\t\t<\/div>\n\t\t\t\t\t<\/div>\n\t\t<\/div>\n\t\t\t\t\t<\/div>\n\t\t<\/footer>\n\t\t\t\t<\/div>","protected":false},"excerpt":{"rendered":"<p>INTRODUCTION PC embarqu\u00e9 Le PC rackable Windows est la solution id\u00e9ale pour doter l&rsquo;\u00e9cran \u00a0interactif \u00a0de la fonctionnalit\u00e9 tableau blanc intelligent et de salle de r\u00e9union connect\u00e9e. Ce module PC rackable est compatible avec l&rsquo;audio et la vid\u00e9o haute d\u00e9finition, et se raccorde facilement aux \u00e9crans compatibles. Dot\u00e9 du Wi-Fi double bande et du Bluetooth, [&hellip;]<\/p>\n","protected":false},"author":155,"featured_media":0,"parent":0,"menu_order":0,"comment_status":"closed","ping_status":"closed","template":"elementor_header_footer","meta":{"_acf_changed":false,"footnotes":""},"class_list":["post-16947","page","type-page","status-publish","hentry"],"acf":[],"_links":{"self":[{"href":"https:\/\/www.ynova.be\/en\/wp-json\/wp\/v2\/pages\/16947","targetHints":{"allow":["GET"]}}],"collection":[{"href":"https:\/\/www.ynova.be\/en\/wp-json\/wp\/v2\/pages"}],"about":[{"href":"https:\/\/www.ynova.be\/en\/wp-json\/wp\/v2\/types\/page"}],"author":[{"embeddable":true,"href":"https:\/\/www.ynova.be\/en\/wp-json\/wp\/v2\/users\/155"}],"replies":[{"embeddable":true,"href":"https:\/\/www.ynova.be\/en\/wp-json\/wp\/v2\/comments?post=16947"}],"version-history":[{"count":0,"href":"https:\/\/www.ynova.be\/en\/wp-json\/wp\/v2\/pages\/16947\/revisions"}],"wp:attachment":[{"href":"https:\/\/www.ynova.be\/en\/wp-json\/wp\/v2\/media?parent=16947"}],"curies":[{"name":"wp","href":"https:\/\/api.w.org\/{rel}","templated":true}]}}